{"id":1475,"date":"2019-04-24T14:23:33","date_gmt":"2019-04-24T12:23:33","guid":{"rendered":"https:\/\/hotel-novalis-quimperle.com\/?page_id=1475"},"modified":"2023-06-29T13:21:56","modified_gmt":"2023-06-29T11:21:56","slug":"home-page","status":"publish","type":"page","link":"https:\/\/hotel-novalis-quimperle.com\/de\/","title":{"rendered":"Home Page"},"content":{"rendered":"<div class=\"wpb-content-wrapper\"><p>[vc_row][vc_column width=&#8221;1\/4&#8243;][\/vc_column][vc_column width=&#8221;1\/2&#8243;][vc_custom_heading text=&#8221;Idealer Zwischenstopp zwischen Morbihan und Finist\u00e8re, hei\u00dft Sie das Novalis Hotel in Quimperl\u00e9 willkommen.&#8221; font_container=&#8221;tag:h3|text_align:center&#8221; use_theme_fonts=&#8221;yes&#8221;][vc_column_text]<\/p>\n<p style=\"text-align: justify;\">Mit seiner idealen Lage zwischen <span style=\"color: #af6447;\"><strong>Lorient und Quimper<\/strong><\/span> ist das Hotel Novalis ein kleines Familienhotel mit 38 Superior-Zimmern, ideal f\u00fcr einen Gesch\u00e4fts- oder Tourismusaufenthalt. Das Hotel ist von der Schnellstra\u00dfe N165 aus, leicht erreichbar und liegt in der N\u00e4he der Ausfahrt Quimperl\u00e9-Mellac.<br \/>\nEs verf\u00fcgt \u00fcber einen gro\u00dfen kostenlosen Parkplatz, einen gro\u00dfen Garten und ein <span style=\"color: #af6447;\"><strong>Restaurant<\/strong><\/span>, das jeden Tag der Woche f\u00fcr Mittag- und Abendessen ge\u00f6ffnet ist. Das Fr\u00fchst\u00fccksbuffet wird es jeden Morgen serviert. Der WIFI-Internetanschluss ist kostenlos und das Hotel verf\u00fcgt \u00fcber eine ausgezeichnetes 4G-Netzwerk f\u00fcr alle Betreiber. F\u00fcr Besucher der Region ist das <span style=\"color: #af6447;\"><strong>historische Stadtzentrum<\/strong><\/span> von Quimperl\u00e9 nur wenige Minuten vom Hotel entfernt, und sind alle Reicht\u00fcmer des bretonischen Erbes zu entdecken. Das Hotel Novalis ist besonders gut gelegen, um das S\u00fcd Finist\u00e8re und die Umgebung von Lorient zu entdecken und besuchen.<\/p>\n<p>[\/vc_column_text][\/vc_column][vc_column width=&#8221;1\/4&#8243;][\/vc_column][\/vc_row][vc_row full_width=&#8221;stretch_row_content&#8221; css=&#8221;.vc_custom_1557147255473{background-image: url(https:\/\/hotel-novalis-quimperle.com\/wp-content\/uploads\/2019\/01\/quimperle-hotel.jpg?id=845) !important;background-position: center !important;background-repeat: no-repeat !important;background-size: cover !important;}&#8221;][vc_column]<div class=\"ult-spacer spacer-69d4b292e36c8\" data-id=\"69d4b292e36c8\" data-height=\"50\" data-height-mobile=\"50\" data-height-tab=\"50\" data-height-tab-portrait=\"\" data-height-mobile-landscape=\"\" style=\"clear:both;display:block;\"><\/div><div id=\"mpc_connected_icons-569d4b292e370d\" class=\"mpc-connected-icons mpc-init mpc-transition \"  data-ci-cols=\"4\" data-target=\"icon\" data-layout=\"horizontal\"><div class=\"mpc-connected-icons__line\"><span><\/span><\/div><div data-id=\"mpc_icon_column-5269d4b292e37bd\" class=\"mpc-icon-column mpc-init mpc-parent-hover mpc-transition mpc-icon-column--style_1 mpc-align--center \" ><div data-id=\"mpc_icon-5969d4b292e37fd\" class=\"mpc-icon mpc-init mpc-transition mpc-effect-none mpc-icon-hover \"><div class=\"mpc-icon-wrap\"><i class=\"mpc-icon-part mpc-regular mpc-transition  lnr lnr-sync\"><\/i><i class=\"mpc-icon-part mpc-hover mpc-transition  lnr lnr-sync\"><\/i><\/div><\/div><div class=\"mpc-icon-column__content-wrap\"><div class=\"mpc-icon-column__content\"><h3 class=\"mpc-icon-column__heading mpc-typography--mpc_preset_20 mpc-transition\">GANZJ\u00c4HRIG GE\u00d6FFNET<\/h3><div class=\"mpc-icon-column__description mpc-typography--mpc_preset_1 mpc-transition\"><p>Das Hotel Novalis empf\u00e4ngt Sie das ganze Jahr \u00fcber in Quimperl\u00e9 f\u00fcr Ihren Gesch\u00e4fts- oder Freizeitaufenthalt<\/p>\n<\/div><\/div><\/div><\/div><div data-id=\"mpc_icon_column-8969d4b292e38b2\" class=\"mpc-icon-column mpc-init mpc-parent-hover mpc-transition mpc-icon-column--style_1 mpc-align--center \" ><div data-id=\"mpc_icon-4069d4b292e38da\" class=\"mpc-icon mpc-init mpc-transition mpc-effect-none mpc-icon-hover \"><div class=\"mpc-icon-wrap\"><i class=\"mpc-icon-part mpc-regular mpc-transition  etl etl-key\"><\/i><i class=\"mpc-icon-part mpc-hover mpc-transition  etl etl-key\"><\/i><\/div><\/div><div class=\"mpc-icon-column__content-wrap\"><div class=\"mpc-icon-column__content\"><h3 class=\"mpc-icon-column__heading mpc-typography--mpc_preset_20 mpc-transition\">38 SCHLAFZIMMER<\/h3><div class=\"mpc-icon-column__description mpc-typography--mpc_preset_1 mpc-transition\"><p>Ger\u00e4umige Doppelzimmer, in einer ruhigen Umgebung, mit Nebenzimmer f\u00fcr Familien und Zugang f\u00fcr Personen mit eingeschr\u00e4nkter Mobilit\u00e4t<\/p>\n<\/div><\/div><\/div><\/div><div data-id=\"mpc_icon_column-6369d4b292e3968\" class=\"mpc-icon-column mpc-init mpc-parent-hover mpc-transition mpc-icon-column--style_1 mpc-align--center \" ><div data-id=\"mpc_icon-9469d4b292e3988\" class=\"mpc-icon mpc-init mpc-transition mpc-effect-none mpc-icon-hover \"><div class=\"mpc-icon-wrap\"><i class=\"mpc-icon-part mpc-regular mpc-transition  ti ti-rss-alt\"><\/i><i class=\"mpc-icon-part mpc-hover mpc-transition  ti ti-rss-alt\"><\/i><\/div><\/div><div class=\"mpc-icon-column__content-wrap\"><div class=\"mpc-icon-column__content\"><h3 class=\"mpc-icon-column__heading mpc-typography--mpc_preset_20 mpc-transition\">KOSTENLOSES WLAN &amp; 4G<\/h3><div class=\"mpc-icon-column__description mpc-typography--mpc_preset_1 mpc-transition\"><p>Kostenloses WIFI-Netzwerk im gesamten Hotel und hervorragendes 4G-Netzwerk \u00a0f\u00fcr alle Betreiber.<\/p>\n<\/div><\/div><\/div><\/div><div data-id=\"mpc_icon_column-3569d4b292e3a04\" class=\"mpc-icon-column mpc-init mpc-parent-hover mpc-transition mpc-icon-column--style_1 mpc-align--center \" ><div data-id=\"mpc_icon-4969d4b292e3a1e\" class=\"mpc-icon mpc-init mpc-transition mpc-effect-none mpc-icon-hover \"><div class=\"mpc-icon-wrap\"><i class=\"mpc-icon-part mpc-regular mpc-transition  lnr lnr-users\"><\/i><i class=\"mpc-icon-part mpc-hover mpc-transition  lnr lnr-users\"><\/i><\/div><\/div><div class=\"mpc-icon-column__content-wrap\"><div class=\"mpc-icon-column__content\"><h3 class=\"mpc-icon-column__heading mpc-typography--mpc_preset_20 mpc-transition\">SEMINARE &amp; VERSCHIEDENE VERANSTALTUNGEN<\/h3><div class=\"mpc-icon-column__description mpc-typography--mpc_preset_1 mpc-transition\"><p>Der gro\u00dfe Tagungsraum mit Tageslicht und Blick auf den Hotelgarten bietet Platz f\u00fcr bis zu 100 Personen<\/p>\n<\/div><\/div><\/div><\/div><\/div><div class=\"ult-spacer spacer-69d4b292e3a74\" data-id=\"69d4b292e3a74\" data-height=\"50\" data-height-mobile=\"50\" data-height-tab=\"50\" data-height-tab-portrait=\"\" data-height-mobile-landscape=\"\" style=\"clear:both;display:block;\"><\/div>[vc_single_image image=&#8221;776&#8243; img_size=&#8221;&#8221; alignment=&#8221;center&#8221;][\/vc_column][\/vc_row][vc_row][vc_column width=&#8221;1\/3&#8243;][vc_single_image image=&#8221;810&#8243; img_size=&#8221;&#8221; alignment=&#8221;center&#8221; style=&#8221;vc_box_rounded&#8221;][vc_custom_heading text=&#8221;Entdeckung von S\u00fcd Finist\u00e8re&#8221; font_container=&#8221;tag:h3|text_align:center&#8221; use_theme_fonts=&#8221;yes&#8221;][vc_column_text]<\/p>\n<p style=\"text-align: justify;\">Besuchen Sie die Malerstadt von Pont-Aven, den Carno\u00ebt Staatswald oder die Ufer der Fl\u00fcsse La\u00efta und Ell\u00e9 mit Kajak oder beim wandern. Die Umgebung ist voll von Wander- und K\u00fcstenwegen, besonders dem GR34. Der Besuch der kleinen umliegenden H\u00e4fen ist attraktiv und Sie k\u00f6nnen die Austern der lokalen Austernz\u00fcchter probieren.<\/p>\n<p>[\/vc_column_text][\/vc_column][vc_column width=&#8221;1\/3&#8243;][vc_single_image image=&#8221;797&#8243; img_size=&#8221;&#8221; alignment=&#8221;center&#8221; style=&#8221;vc_box_rounded&#8221;][vc_custom_heading text=&#8221;Bretonische Feste&#8221; font_container=&#8221;tag:h3|text_align:center&#8221; use_theme_fonts=&#8221;yes&#8221;][vc_column_text]<\/p>\n<p style=\"text-align: justify;\">Das ber\u00fchmte \u201eInter Celtic Festival de Lorient\u201c, bringt jedes Jahr im August etwa zehn internationale keltische Gruppen mit einem reichen Programm an Konzerten und Tanzshows zusammen. Auch auf dem Programm der Dudelsack Wettbewerb und das Finale der Bagado\u00f9-Meisterschaft. Nicht zu verpassen!<\/p>\n<p>[\/vc_column_text][\/vc_column][vc_column width=&#8221;1\/3&#8243;][vc_single_image image=&#8221;803&#8243; img_size=&#8221;&#8221; alignment=&#8221;center&#8221; style=&#8221;vc_box_rounded&#8221;][vc_custom_heading text=&#8221;Au\u00dfergew\u00f6hnliches Naturerbe&#8221; font_container=&#8221;tag:h3|text_align:center&#8221; use_theme_fonts=&#8221;yes&#8221;][vc_column_text]<\/p>\n<p style=\"text-align: justify;\">Nutzen Sie Ihren Urlaub in der Bretagne und Ihren Aufenthalt in Quimperl\u00e9, um die sch\u00f6nsten maritimen und nat\u00fcrlichen St\u00e4tten von Finist\u00e8re und Morbihan zu entdecken. Unter den Unbedenklichen: die Str\u00e4nde von Guide, Le Pouldu, die Gl\u00e9nan Inseln, das Groix Insel&#8230;. mit seinem feinem Sand und seinem kristallklares Wasser&#8230;<\/p>\n<p>[\/vc_column_text][\/vc_column][\/vc_row][vc_row][vc_column][vc_custom_heading text=&#8221;Um hierher zu kommen&#8221; font_container=&#8221;tag:h2|text_align:center&#8221; use_theme_fonts=&#8221;yes&#8221;]<div class=\"ult-spacer spacer-69d4b292e3a8c\" data-id=\"69d4b292e3a8c\" data-height=\"30\" data-height-mobile=\"30\" data-height-tab=\"30\" data-height-tab-portrait=\"\" data-height-mobile-landscape=\"\" style=\"clear:both;display:block;\"><\/div>[\/vc_column][\/vc_row][vc_row full_width=&#8221;stretch_row_content&#8221;][vc_column]<div class=\"sbvcgmap-map-wrapper\" style=\"width:100%;height:500px\"><div class=\"sbvcgmap-map\" zoom=\"10\" maptype=\"ROADMAP\" panoramatogglebutton=\"no\" pancontrol=\"yes\" pancontrol_position=\"TOP_LEFT\" zoomcontrol=\"yes\" zoomcontrol_position=\"TOP_LEFT\" zoomcontrolstyle=\"DEFAULT\" maptypecontrol=\"yes\" maptypecontrol_position=\"TOP_RIGHT\" streetviewcontrol=\"no\" streetviewcontrol_position=\"TOP_LEFT\" overviewmapcontrol=\"yes\" overviewmapcontrolvisible=\"no\" maptypecontrolstyle=\"DEFAULT\" mapstyle=\"style-1\" weather=\"no\" traffic=\"no\" transit=\"no\" bicycle=\"no\" panoramio=\"no\" draggable=\"yes\" scrollwheel=\"yes\" cplatitude=\"47.868038\" cplongitude=\"-3.573909\" scalecontrol=\"yes\" searchtype=\"disabled\" searchradius=\"500\" searchiconanimation=\"NONE\" searchdirectiontext=\"\" reloadonresize=\"no\" clustering=\"no\" style=\"width:100%;height:500px\"><div class=\"sbvcgmap-marker\" data-lat=\"47.868038\" data-lng=\"-3.573909\" infowindow=\"no\" icon=\"https:\/\/hotel-novalis-quimperle.com\/wp-content\/uploads\/2019\/03\/Pin-Novalis.png\" animation=\"NONE\" customstyles=\"no\" ><\/p>\n<p style=\"text-align: center;\"><strong>H\u00f4tel Novalis<\/strong><br \/>\n10 all\u00e9e Victor Schoelcher &#8211; 29300 Quimperl\u00e9<br \/>\nT\u00e9l. +33 (2) 98 39 24 00<\/p>\n<p><\/div><\/div><\/div>[\/vc_column][\/vc_row][vc_row][vc_column]<div class=\"ult-spacer spacer-69d4b292e3e08\" data-id=\"69d4b292e3e08\" data-height=\"40\" data-height-mobile=\"40\" data-height-tab=\"40\" data-height-tab-portrait=\"\" data-height-mobile-landscape=\"\" style=\"clear:both;display:block;\"><\/div>[vc_custom_heading text=&#8221;Novalis Quimperl\u00e9 Hotel<br \/>\n10 all\u00e9e Victor Schoelcher &#8211; 29300 Quimperl\u00e9<br \/>\nTelefon +33 (2) 98 39 24 00&#8243; font_container=&#8221;tag:h3|text_align:center&#8221; use_theme_fonts=&#8221;yes&#8221;][\/vc_column][\/vc_row][vc_row][vc_column width=&#8221;1\/3&#8243;][\/vc_column][vc_column width=&#8221;1\/3&#8243;]<div class=\"ult-spacer spacer-69d4b292e3e24\" data-id=\"69d4b292e3e24\" data-height=\"30\" data-height-mobile=\"30\" data-height-tab=\"30\" data-height-tab-portrait=\"\" data-height-mobile-landscape=\"\" style=\"clear:both;display:block;\"><\/div><div class=\" ubtn-ctn-center \"><a class=\"ubtn-link ult-adjust-bottom-margin ubtn-center ubtn-custom \" href=\"https:\/\/hotel-novalis-quimperle.com\/de\/unterkunft\/\" ><button type=\"button\" id=\"ubtn-1072\"  class=\"ubtn ult-adjust-bottom-margin ult-responsive ubtn-custom ubtn-no-hover-bg  none  ubtn-center   tooltip-69d4b292e3e4d\"  data-hover=\"#ffffff\" data-border-color=\"#af6447\" data-bg=\"\" data-hover-bg=\"rgba(175,100,70,0.9)\" data-border-hover=\"\" data-shadow-hover=\"\" data-shadow-click=\"none\" data-shadow=\"\" data-shd-shadow=\"\"  data-ultimate-target='#ubtn-1072'  data-responsive-json-new='{\"font-size\":\"desktop:18px;\",\"line-height\":\"\"}'  style=\"font-weight:normal;width:300px;min-height:70px;padding:px px;border-radius:3px;border-width:1px;border-color:#af6447;border-style:solid;color: #af6447;\"><span class=\"ubtn-hover\" style=\"background-color:rgba(175,100,70,0.9)\"><\/span><span class=\"ubtn-data ubtn-text \" >Entdecken Sie unsere Unterk\u00fcnfte<\/span><\/button><\/a><\/div><div class=\"ult-spacer spacer-69d4b292e3eb3\" data-id=\"69d4b292e3eb3\" data-height=\"30\" data-height-mobile=\"30\" data-height-tab=\"30\" data-height-tab-portrait=\"\" data-height-mobile-landscape=\"\" style=\"clear:both;display:block;\"><\/div>[\/vc_column][vc_column width=&#8221;1\/3&#8243;][\/vc_column][\/vc_row][vc_row][vc_column]<div id=\"modal-trg-txt-wrap-2019\" class=\"ult-modal-input-wrapper ult-adjust-bottom-margin    \" data-keypress-control=\"keypress-control-enable\" data-overlay-control=\"overlay-control-enable\"><div data-class-id=\"content-69d4b292e3efa6-37335463\" class=\"ult-onload overlay-show \" data-overlay-class=\"overlay-fade\" data-onload-delay=\"2\"><\/div><\/div>\n<div class=\"ult-overlay content-69d4b292e3efa6-37335463 \" data-class=\"content-69d4b292e3efa6-37335463\" id=\"button-click-overlay\" style=\"background:rgba(51,51,51,0); display:none;\">\n\t<div class=\"ult_modal ult-fade ult-small\">\n\t<div class=\"ult-overlay-close popup-top-right\" style=\"width:20px;height:20px; background-color: #ffffff;border-radius: 50%;padding:10px;box-sizing: content-box; \"><div class=\"ult-overlay-close-inside\">Close<\/div><\/div>\n\t\t<div id=\"ult-modal-wrap-7381\" class=\"ult_modal-content ult-hide\" style=\"border-style:solid;border-width:0px;border-radius:10px;border-color:#333333;\">\n\t\t\t<div  data-ultimate-target='#ult-modal-wrap-7381 .ult_modal-body'  data-responsive-json-new='{\"font-size\":\"\",\"line-height\":\"\"}'  class=\"ult_modal-body ult-responsive ult-youtube\" style=\"background:#ffffff;\">\n\t\t\t<\/p>\n<h5 style=\"font-weight: 400; text-align: center;\">Unser Restaurant bleibt vom 11. bis einschlie\u00dflich 27.08.2023 geschlossen<br \/>\nDas Hotel bleibt in diesem Zeitraum ge\u00f6ffnet.<br \/>\nIn der Umgebung gibt es eine Auswahl an ge\u00f6ffneten Restaurants<\/h5>\n<p>\n\t\t\t<\/div>\n\t<\/div>\n\t<\/div>\n<\/div>[\/vc_column][\/vc_row]<\/p>\n<\/div>","protected":false},"excerpt":{"rendered":"<p>[vc_row][vc_column width=&#8221;1\/4&#8243;][\/vc_column][vc_column width=&#8221;1\/2&#8243;][vc_custom_heading text=&#8221;Idealer Zwischenstopp zwischen Morbihan und Finist\u00e8re, hei\u00dft Sie das Novalis Hotel in Quimperl\u00e9 willkommen.&#8221; font_container=&#8221;tag:h3|text_align:center&#8221; use_theme_fonts=&#8221;yes&#8221;][vc_column_text] Mit seiner idealen Lage zwischen Lorient und Quimper ist das Hotel Novalis ein kleines Familienhotel mit 38 Superior-Zimmern, ideal f\u00fcr einen Gesch\u00e4fts- oder Tourismusaufenthalt. Das Hotel ist von der Schnellstra\u00dfe N165 aus, leicht erreichbar und liegt<\/p>\n","protected":false},"author":1,"featured_media":0,"parent":0,"menu_order":0,"comment_status":"closed","ping_status":"closed","template":"","meta":{"footnotes":""},"yst_prominent_words":[79,140],"class_list":["post-1475","page","type-page","status-publish","hentry","description-off"],"_links":{"self":[{"href":"https:\/\/hotel-novalis-quimperle.com\/de\/wp-json\/wp\/v2\/pages\/1475","targetHints":{"allow":["GET"]}}],"collection":[{"href":"https:\/\/hotel-novalis-quimperle.com\/de\/wp-json\/wp\/v2\/pages"}],"about":[{"href":"https:\/\/hotel-novalis-quimperle.com\/de\/wp-json\/wp\/v2\/types\/page"}],"author":[{"embeddable":true,"href":"https:\/\/hotel-novalis-quimperle.com\/de\/wp-json\/wp\/v2\/users\/1"}],"replies":[{"embeddable":true,"href":"https:\/\/hotel-novalis-quimperle.com\/de\/wp-json\/wp\/v2\/comments?post=1475"}],"version-history":[{"count":6,"href":"https:\/\/hotel-novalis-quimperle.com\/de\/wp-json\/wp\/v2\/pages\/1475\/revisions"}],"predecessor-version":[{"id":2795,"href":"https:\/\/hotel-novalis-quimperle.com\/de\/wp-json\/wp\/v2\/pages\/1475\/revisions\/2795"}],"wp:attachment":[{"href":"https:\/\/hotel-novalis-quimperle.com\/de\/wp-json\/wp\/v2\/media?parent=1475"}],"wp:term":[{"taxonomy":"yst_prominent_words","embeddable":true,"href":"https:\/\/hotel-novalis-quimperle.com\/de\/wp-json\/wp\/v2\/yst_prominent_words?post=1475"}],"curies":[{"name":"wp","href":"https:\/\/api.w.org\/{rel}","templated":true}]}}