{"id":1520,"date":"2019-04-25T12:15:59","date_gmt":"2019-04-25T10:15:59","guid":{"rendered":"https:\/\/hotel-novalis-quimperle.com\/?page_id=1520"},"modified":"2019-05-06T15:04:53","modified_gmt":"2019-05-06T13:04:53","slug":"standard-zimmer","status":"publish","type":"page","link":"https:\/\/hotel-novalis-quimperle.com\/de\/standard-zimmer\/","title":{"rendered":"Standard Zimmer"},"content":{"rendered":"<div class=\"wpb-content-wrapper\"><p>[vc_row][vc_column width=&#8221;1\/4&#8243;][\/vc_column][vc_column width=&#8221;1\/2&#8243;][vc_custom_heading text=&#8221;Das Standardzimmer ist f\u00fcr Sie da&#8221; font_container=&#8221;tag:h3|text_align:center&#8221; use_theme_fonts=&#8221;yes&#8221;][vc_column_text]<\/p>\n<p style=\"text-align: justify;\">Ger\u00e4umige Zimmer (zwischen 17 und 22m2) f\u00fcr <span style=\"color: #af6447;\"><strong>2 oder 3 Personen<\/strong><\/span>, ausgestattet mit <span style=\"color: #af6447;\"><strong>King Size Qualit\u00e4tsbettw\u00e4sche (180cm breites Bett)<\/strong><\/span>, einem Schreibtisch, einem Bad mit Dusche oder Badewanne nach Ihren W\u00fcnschen. Alle Zimmer befinden sich in ruhiger Lage mit <span style=\"color: #af6447;\"><strong>Blick auf den Hotelgarten<\/strong><\/span>. Flachbildfernseher bieten <span style=\"color: #af6447;\"><strong>Be-in-Sport-Kan\u00e4le<\/strong><\/span> und die gesamten Canal+ Kan\u00e4le kostenlos an. Au\u00dferdem bieten die Zimmer ein kostenloses Breitband-WIFI und eine ausgezeichnete 4G-Versorgung f\u00fcr jeden Telefonbetreiber. Zeit sparen oder mehr private Momente mit dem <span style=\"color: #af6447;\"><strong>kontinentalem Fr\u00fchst\u00fcck auf Ihrem Zimmer<\/strong><\/span>, sowie das Abendessen oder jeder anderen Anfrage, sind mit dem Zimmerservice m\u00f6glich.<br \/>\nDas gesamte Novalis Hotelteam steht Ihnen zur Verf\u00fcgung, um Ihnen einen angenehmen Aufenthalt im Finist\u00e8re zu erm\u00f6glichen. Das Hotel wurde mit dem <span style=\"color: #af6447;\"><strong>Qualit\u00e4tssiegel Quality Tourism<\/strong><\/span> ausgezeichnet.<\/p>\n<p>[\/vc_column_text][\/vc_column][vc_column width=&#8221;1\/4&#8243;][\/vc_column][\/vc_row][vc_row][vc_column width=&#8221;1\/3&#8243;][\/vc_column][vc_column width=&#8221;1\/3&#8243;]<div class=\"ult-spacer spacer-69d8652e04319\" data-id=\"69d8652e04319\" data-height=\"15\" data-height-mobile=\"15\" data-height-tab=\"15\" data-height-tab-portrait=\"\" data-height-mobile-landscape=\"\" style=\"clear:both;display:block;\"><\/div><div class=\" ubtn-ctn-center \"><a class=\"ubtn-link ult-adjust-bottom-margin ubtn-center ubtn-custom \" href=\"https:\/\/www.secure-hotel-booking.com\/Hotel-Novalis\/JBIQ\/de?hotelId=22126\" target=\"_blank\" rel=\"noopener\" ><button type=\"button\" id=\"ubtn-1345\"  class=\"ubtn ult-adjust-bottom-margin ult-responsive ubtn-custom ubtn-no-hover-bg  none  ubtn-center   tooltip-69d8652e04347\"  data-hover=\"#ffffff\" data-border-color=\"#af6447\" data-bg=\"\" data-hover-bg=\"#af6447\" data-border-hover=\"\" data-shadow-hover=\"\" data-shadow-click=\"none\" data-shadow=\"\" data-shd-shadow=\"\"  data-ultimate-target='#ubtn-1345'  data-responsive-json-new='{\"font-size\":\"desktop:18px;\",\"line-height\":\"\"}'  style=\"font-weight:normal;width:300px;min-height:70px;padding:px px;border-radius:3px;border-width:1px;border-color:#af6447;border-style:solid;color: #af6447;\"><span class=\"ubtn-data ubtn-icon\"><i class=\"none\" style=\"font-size:25px;color:;\"><\/i><\/span><span class=\"ubtn-hover\" style=\"background-color:#af6447\"><\/span><span class=\"ubtn-data ubtn-text \" >Online-Buchung<\/span><\/button><\/a><\/div><div class=\"ult-spacer spacer-69d8652e043b7\" data-id=\"69d8652e043b7\" data-height=\"25\" data-height-mobile=\"25\" data-height-tab=\"25\" data-height-tab-portrait=\"\" data-height-mobile-landscape=\"\" style=\"clear:both;display:block;\"><\/div>[\/vc_column][vc_column width=&#8221;1\/4&#8243;][\/vc_column][\/vc_row][vc_row full_width=&#8221;stretch_row_content&#8221; css=&#8221;.vc_custom_1557147885037{background-position: center !important;background-repeat: no-repeat !important;background-size: cover !important;}&#8221;][vc_column]<div class=\"ult-spacer spacer-69d8652e043c6\" data-id=\"69d8652e043c6\" data-height=\"50\" data-height-mobile=\"50\" data-height-tab=\"50\" data-height-tab-portrait=\"\" data-height-mobile-landscape=\"\" style=\"clear:both;display:block;\"><\/div><div id=\"mpc_connected_icons-9569d8652e043df\" class=\"mpc-connected-icons mpc-init mpc-transition \"  data-ci-cols=\"4\" data-target=\"icon\" data-layout=\"horizontal\"><div class=\"mpc-connected-icons__line\"><span><\/span><\/div><div data-id=\"mpc_icon_column-769d8652e04478\" class=\"mpc-icon-column mpc-init mpc-parent-hover mpc-transition mpc-icon-column--style_1 mpc-align--center \" ><div data-id=\"mpc_icon-369d8652e044a6\" class=\"mpc-icon mpc-init mpc-transition mpc-effect-none mpc-icon-hover \"><div class=\"mpc-icon-wrap\"><i class=\"mpc-icon-part mpc-regular mpc-transition  lnr lnr-sync\"><\/i><i class=\"mpc-icon-part mpc-hover mpc-transition  lnr lnr-sync\"><\/i><\/div><\/div><div class=\"mpc-icon-column__content-wrap\"><div class=\"mpc-icon-column__content\"><h3 class=\"mpc-icon-column__heading mpc-typography--mpc_preset_20 mpc-transition\">GANZJ\u00c4HRIG GE\u00d6FFNET<\/h3><div class=\"mpc-icon-column__description mpc-typography--mpc_preset_1 mpc-transition\"><p>Das Hotel Novalis empf\u00e4ngt Sie das ganze Jahr \u00fcber in Quimperl\u00e9 f\u00fcr Ihren Gesch\u00e4fts- oder Freizeitaufenthalt<\/p>\n<\/div><\/div><\/div><\/div><div data-id=\"mpc_icon_column-7169d8652e04523\" class=\"mpc-icon-column mpc-init mpc-parent-hover mpc-transition mpc-icon-column--style_1 mpc-align--center \" ><div data-id=\"mpc_icon-7269d8652e0453b\" class=\"mpc-icon mpc-init mpc-transition mpc-effect-none mpc-icon-hover \"><div class=\"mpc-icon-wrap\"><i class=\"mpc-icon-part mpc-regular mpc-transition  etl etl-key\"><\/i><i class=\"mpc-icon-part mpc-hover mpc-transition  etl etl-key\"><\/i><\/div><\/div><div class=\"mpc-icon-column__content-wrap\"><div class=\"mpc-icon-column__content\"><h3 class=\"mpc-icon-column__heading mpc-typography--mpc_preset_20 mpc-transition\">38 SCHLAFZIMMER<\/h3><div class=\"mpc-icon-column__description mpc-typography--mpc_preset_1 mpc-transition\"><p>Ger\u00e4umige Doppelzimmer, in einer ruhigen Umgebung, mit Nebenzimmer f\u00fcr Familien und Zugang f\u00fcr Personen mit eingeschr\u00e4nkter Mobilit\u00e4t<\/p>\n<\/div><\/div><\/div><\/div><div data-id=\"mpc_icon_column-169d8652e045a4\" class=\"mpc-icon-column mpc-init mpc-parent-hover mpc-transition mpc-icon-column--style_1 mpc-align--center \" ><div data-id=\"mpc_icon-2869d8652e045b9\" class=\"mpc-icon mpc-init mpc-transition mpc-effect-none mpc-icon-hover \"><div class=\"mpc-icon-wrap\"><i class=\"mpc-icon-part mpc-regular mpc-transition  ti ti-rss-alt\"><\/i><i class=\"mpc-icon-part mpc-hover mpc-transition  ti ti-rss-alt\"><\/i><\/div><\/div><div class=\"mpc-icon-column__content-wrap\"><div class=\"mpc-icon-column__content\"><h3 class=\"mpc-icon-column__heading mpc-typography--mpc_preset_20 mpc-transition\">KOSTENLOSES WLAN &amp; 4G<\/h3><div class=\"mpc-icon-column__description mpc-typography--mpc_preset_1 mpc-transition\"><p>Kostenloses WIFI-Netzwerk im gesamten Hotel und hervorragendes 4G-Netzwerk \u00a0f\u00fcr alle Betreiber.<\/p>\n<\/div><\/div><\/div><\/div><div data-id=\"mpc_icon_column-2569d8652e04608\" class=\"mpc-icon-column mpc-init mpc-parent-hover mpc-transition mpc-icon-column--style_1 mpc-align--center \" ><div data-id=\"mpc_icon-7669d8652e04619\" class=\"mpc-icon mpc-init mpc-transition mpc-effect-none mpc-icon-hover \"><div class=\"mpc-icon-wrap\"><i class=\"mpc-icon-part mpc-regular mpc-transition  lnr lnr-users\"><\/i><i class=\"mpc-icon-part mpc-hover mpc-transition  lnr lnr-users\"><\/i><\/div><\/div><div class=\"mpc-icon-column__content-wrap\"><div class=\"mpc-icon-column__content\"><h3 class=\"mpc-icon-column__heading mpc-typography--mpc_preset_20 mpc-transition\">SEMINARE &amp; VERSCHIEDENE VERANSTALTUNGEN<\/h3><div class=\"mpc-icon-column__description mpc-typography--mpc_preset_1 mpc-transition\"><p>Der gro\u00dfe Tagungsraum mit Tageslicht und Blick auf den Hotelgarten bietet Platz f\u00fcr bis zu 100 Personen<\/p>\n<\/div><\/div><\/div><\/div><\/div><div class=\"ult-spacer spacer-69d8652e0464c\" data-id=\"69d8652e0464c\" data-height=\"50\" data-height-mobile=\"50\" data-height-tab=\"50\" data-height-tab-portrait=\"\" data-height-mobile-landscape=\"\" style=\"clear:both;display:block;\"><\/div>[vc_single_image image=&#8221;776&#8243; img_size=&#8221;&#8221; alignment=&#8221;center&#8221;][\/vc_column][\/vc_row][vc_row][vc_column width=&#8221;1\/3&#8243;][vc_single_image image=&#8221;886&#8243; img_size=&#8221;&#8221; alignment=&#8221;center&#8221; style=&#8221;vc_box_rounded&#8221;][vc_custom_heading text=&#8221;Fr\u00fchst\u00fccksservice&#8221; font_container=&#8221;tag:h3|text_align:center&#8221; use_theme_fonts=&#8221;yes&#8221;][vc_column_text]<\/p>\n<p style=\"text-align: justify;\">Unser Fr\u00fchst\u00fcck wird mit einer gro\u00dfen Auswahl an Geb\u00e4ck und Brot serviert, darunter eine k\u00f6stliche Baguette aus der La\u00efta-Tradition, das von unserem B\u00e4cker zubereitet wird. Sie werden auch die vielen verschiedenen Marmeladen- und Brotaufstriche sowie Fr\u00fcchte, Joghurt und Cerealien genie\u00dfen. Das Fr\u00fchst\u00fcck wird werktags von 6 bis 10 Uhr serviert, am Wochenende von 8 bis 10.30 Uhr.<\/p>\n<p>[\/vc_column_text][\/vc_column][vc_column width=&#8221;1\/3&#8243;][vc_single_image image=&#8221;892&#8243; img_size=&#8221;&#8221; alignment=&#8221;center&#8221; style=&#8221;vc_box_rounded&#8221;][vc_custom_heading text=&#8221;Abendlicher Zwischenstopp&#8221; font_container=&#8221;tag:h3|text_align:center&#8221; use_theme_fonts=&#8221;yes&#8221;][vc_column_text]<\/p>\n<p style=\"text-align: justify;\">Mit unserem Zwischenstoppangebot bieten wir Ihnen die Bereitstellung Ihres Zimmers mit Halbpension &#8211; Abendessen und Fr\u00fchst\u00fcck &#8211; an.<br \/>\nNur wenige Kilometer von der Quimper-Lorient Schnellstra\u00dfe entfernt, ist der Zugang schnell und einfach. Der kostenlose Parkplatz unseres Hotels steht Ihnen zur Verf\u00fcgung. Das 4G-Netz ist f\u00fcr alle Betreiber sehr effizient, und wir bieten Ihnen WIFI an.<\/p>\n<p>[\/vc_column_text][\/vc_column][vc_column width=&#8221;1\/3&#8243;][vc_single_image image=&#8221;881&#8243; img_size=&#8221;&#8221; alignment=&#8221;center&#8221; style=&#8221;vc_box_rounded&#8221; onclick=&#8221;custom_link&#8221; link=&#8221;https:\/\/hotel-novalis-quimperle.com\/restaurant\/&#8221;][vc_custom_heading text=&#8221;Unser Restaurant&#8221; font_container=&#8221;tag:h3|text_align:center&#8221; use_theme_fonts=&#8221;yes&#8221; link=&#8221;url:https%3A%2F%2Fhotel-novalis-quimperle.com%2Frestaurant%2F|||&#8221;][vc_column_text]<\/p>\n<p style=\"text-align: justify;\">Unser Restaurant bietet eine abwechslungsreiche und gro\u00dfz\u00fcgige K\u00fcche, die allen Anspr\u00fcchen gerecht wird. Unser K\u00fcchenteam arbeitet mit frischen und saisonalen Produkten, um Ihnen ausgezeichnete und preiswerte Men\u00fcs anzubieten. Wir begr\u00fc\u00dfen auch Leute von au\u00dferhalb des Hotels in unserem Restaurant, ge\u00f6ffnet von Montag bis Freitagabend (auf Reservierung am Wochenende).<\/p>\n<p>[\/vc_column_text][\/vc_column][\/vc_row]<\/p>\n<\/div>","protected":false},"excerpt":{"rendered":"<p>[vc_row][vc_column width=&#8221;1\/4&#8243;][\/vc_column][vc_column width=&#8221;1\/2&#8243;][vc_custom_heading text=&#8221;Das Standardzimmer ist f\u00fcr Sie da&#8221; font_container=&#8221;tag:h3|text_align:center&#8221; use_theme_fonts=&#8221;yes&#8221;][vc_column_text] Ger\u00e4umige Zimmer (zwischen 17 und 22m2) f\u00fcr 2 oder 3 Personen, ausgestattet mit King Size Qualit\u00e4tsbettw\u00e4sche (180cm breites Bett), einem Schreibtisch, einem Bad mit Dusche oder Badewanne nach Ihren W\u00fcnschen. Alle Zimmer befinden sich in ruhiger Lage mit Blick auf den Hotelgarten. Flachbildfernseher bieten<\/p>\n","protected":false},"author":1,"featured_media":0,"parent":0,"menu_order":0,"comment_status":"closed","ping_status":"closed","template":"","meta":{"footnotes":""},"yst_prominent_words":[],"class_list":["post-1520","page","type-page","status-publish","hentry","description-off"],"_links":{"self":[{"href":"https:\/\/hotel-novalis-quimperle.com\/de\/wp-json\/wp\/v2\/pages\/1520","targetHints":{"allow":["GET"]}}],"collection":[{"href":"https:\/\/hotel-novalis-quimperle.com\/de\/wp-json\/wp\/v2\/pages"}],"about":[{"href":"https:\/\/hotel-novalis-quimperle.com\/de\/wp-json\/wp\/v2\/types\/page"}],"author":[{"embeddable":true,"href":"https:\/\/hotel-novalis-quimperle.com\/de\/wp-json\/wp\/v2\/users\/1"}],"replies":[{"embeddable":true,"href":"https:\/\/hotel-novalis-quimperle.com\/de\/wp-json\/wp\/v2\/comments?post=1520"}],"version-history":[{"count":5,"href":"https:\/\/hotel-novalis-quimperle.com\/de\/wp-json\/wp\/v2\/pages\/1520\/revisions"}],"predecessor-version":[{"id":1736,"href":"https:\/\/hotel-novalis-quimperle.com\/de\/wp-json\/wp\/v2\/pages\/1520\/revisions\/1736"}],"wp:attachment":[{"href":"https:\/\/hotel-novalis-quimperle.com\/de\/wp-json\/wp\/v2\/media?parent=1520"}],"wp:term":[{"taxonomy":"yst_prominent_words","embeddable":true,"href":"https:\/\/hotel-novalis-quimperle.com\/de\/wp-json\/wp\/v2\/yst_prominent_words?post=1520"}],"curies":[{"name":"wp","href":"https:\/\/api.w.org\/{rel}","templated":true}]}}