{"id":1526,"date":"2019-04-25T12:26:56","date_gmt":"2019-04-25T10:26:56","guid":{"rendered":"https:\/\/hotel-novalis-quimperle.com\/?page_id=1526"},"modified":"2019-04-25T12:32:48","modified_gmt":"2019-04-25T10:32:48","slug":"superior-zimmer","status":"publish","type":"page","link":"https:\/\/hotel-novalis-quimperle.com\/de\/superior-zimmer\/","title":{"rendered":"Superior Zimmer"},"content":{"rendered":"<div class=\"wpb-content-wrapper\"><p>[vc_row][vc_column width=&#8221;1\/4&#8243;][\/vc_column][vc_column width=&#8221;1\/2&#8243;][vc_custom_heading text=&#8221;Das Superior-Zimmer: erstklassiger Komfort und zeitgem\u00e4\u00dfe Atmosph\u00e4re&#8221; font_container=&#8221;tag:h3|text_align:center&#8221; use_theme_fonts=&#8221;yes&#8221;][vc_column_text]<\/p>\n<p style=\"text-align: justify;\">Die Superior-Zimmer im zeitgen\u00f6ssischen Stil sind ger\u00e4umig (21m2) mit <span style=\"color: #af6447;\"><strong>180cm King-Size-Bettw\u00e4sche<\/strong><\/span>, ideal f\u00fcr einen langen Aufenthalt in der Bretagne. Alle Zimmer wurden k\u00fcrzlich mit einer beruhigenden Dekoration aus Blumen- oder Mineraldekorationen renoviert. Die <span style=\"color: #af6447;\"><strong>LED-Beleuchtung schafft<\/strong><\/span> eine gem\u00fctliche Atmosph\u00e4re, und der Entspannung f\u00f6rderlich ist.<br \/>\nDie Badezimmer mit <span style=\"color: #af6447;\"><strong>italienischer Dusche<\/strong><\/span> haben ein gro\u00dfes Volumen und bieten allen modernen Komfort.<br \/>\nUnsere Superior-Zimmer sind auch als ergonomischer Arbeitsplatz mit angepassten Arbeitsfl\u00e4chen und kostenlosem <span style=\"color: #af6447;\"><strong>Hochgeschwindigkeits-WiFi-Anschluss<\/strong><\/span> konzipiert. Die 4G-Netzabdeckung ist von ausgezeichneter Qualit\u00e4t.<br \/>\nZur Unterhaltung haben Sie, \u00fcber die <span style=\"color: #af6447;\"><strong>gro\u00dfen Flachbilds Fernseher<\/strong><\/span>, Zugang zu den Kabelkan\u00e4len, darunter Be-in Sport und das gesamte Canal+.<br \/>\nDas gesamte Novalis Hotelteam steht Ihnen zur Verf\u00fcgung, um Ihnen einen angenehmen Aufenthalt in Finist\u00e8re zu erm\u00f6glichen. Das Hotel wurde mit dem <span style=\"color: #af6447;\"><strong>Qualit\u00e4tssiegel Quality Tourism<\/strong><\/span> ausgezeichnet.<\/p>\n<p>[\/vc_column_text][\/vc_column][vc_column width=&#8221;1\/4&#8243;][\/vc_column][\/vc_row][vc_row][vc_column width=&#8221;1\/3&#8243;][\/vc_column][vc_column width=&#8221;1\/3&#8243;]<div class=\"ult-spacer spacer-69e1694aac7c8\" data-id=\"69e1694aac7c8\" data-height=\"15\" data-height-mobile=\"15\" data-height-tab=\"15\" data-height-tab-portrait=\"\" data-height-mobile-landscape=\"\" style=\"clear:both;display:block;\"><\/div><div class=\" ubtn-ctn-center \"><a class=\"ubtn-link ult-adjust-bottom-margin ubtn-center ubtn-custom \" href=\"https:\/\/www.secure-hotel-booking.com\/Hotel-Novalis\/JBIQ\/de?hotelId=22126\" target=\"_blank\" rel=\"noopener\" ><button type=\"button\" id=\"ubtn-4876\"  class=\"ubtn ult-adjust-bottom-margin ult-responsive ubtn-custom ubtn-no-hover-bg  none  ubtn-center   tooltip-69e1694aac807\"  data-hover=\"#ffffff\" data-border-color=\"#af6447\" data-bg=\"\" data-hover-bg=\"#af6447\" data-border-hover=\"\" data-shadow-hover=\"\" data-shadow-click=\"none\" data-shadow=\"\" data-shd-shadow=\"\"  data-ultimate-target='#ubtn-4876'  data-responsive-json-new='{\"font-size\":\"desktop:18px;\",\"line-height\":\"\"}'  style=\"font-weight:normal;width:300px;min-height:70px;padding:px px;border-radius:3px;border-width:1px;border-color:#af6447;border-style:solid;color: #af6447;\"><span class=\"ubtn-data ubtn-icon\"><i class=\"none\" style=\"font-size:25px;color:;\"><\/i><\/span><span class=\"ubtn-hover\" style=\"background-color:#af6447\"><\/span><span class=\"ubtn-data ubtn-text \" >Online-Buchung<\/span><\/button><\/a><\/div><div class=\"ult-spacer spacer-69e1694aac89b\" data-id=\"69e1694aac89b\" data-height=\"25\" data-height-mobile=\"25\" data-height-tab=\"25\" data-height-tab-portrait=\"\" data-height-mobile-landscape=\"\" style=\"clear:both;display:block;\"><\/div>[\/vc_column][vc_column width=&#8221;1\/4&#8243;][\/vc_column][\/vc_row][vc_row full_width=&#8221;stretch_row_content&#8221; css=&#8221;.vc_custom_1547054805509{background-image: url(https:\/\/hotel-novalis-quimperle.com\/wp-content\/uploads\/2019\/01\/quimperle-hotel.jpg?id=842) !important;background-position: center !important;background-repeat: no-repeat !important;background-size: cover !important;}&#8221;][vc_column]<div class=\"ult-spacer spacer-69e1694aac8b9\" data-id=\"69e1694aac8b9\" data-height=\"50\" data-height-mobile=\"50\" data-height-tab=\"50\" data-height-tab-portrait=\"\" data-height-mobile-landscape=\"\" style=\"clear:both;display:block;\"><\/div><div id=\"mpc_connected_icons-5769e1694aac8dc\" class=\"mpc-connected-icons mpc-init mpc-transition \"  data-ci-cols=\"4\" data-target=\"icon\" data-layout=\"horizontal\"><div class=\"mpc-connected-icons__line\"><span><\/span><\/div><div data-id=\"mpc_icon_column-3369e1694aac98d\" class=\"mpc-icon-column mpc-init mpc-parent-hover mpc-transition mpc-icon-column--style_1 mpc-align--center \" ><div data-id=\"mpc_icon-9269e1694aac9ce\" class=\"mpc-icon mpc-init mpc-transition mpc-effect-none mpc-icon-hover \"><div class=\"mpc-icon-wrap\"><i class=\"mpc-icon-part mpc-regular mpc-transition  lnr lnr-sync\"><\/i><i class=\"mpc-icon-part mpc-hover mpc-transition  lnr lnr-sync\"><\/i><\/div><\/div><div class=\"mpc-icon-column__content-wrap\"><div class=\"mpc-icon-column__content\"><h3 class=\"mpc-icon-column__heading mpc-typography--mpc_preset_20 mpc-transition\">GANZJ\u00c4HRIG GE\u00d6FFNET<\/h3><div class=\"mpc-icon-column__description mpc-typography--mpc_preset_1 mpc-transition\"><p>Das Hotel Novalis empf\u00e4ngt Sie das ganze Jahr \u00fcber in Quimperl\u00e9 f\u00fcr Ihren Gesch\u00e4fts- oder Freizeitaufenthalt<\/p>\n<\/div><\/div><\/div><\/div><div data-id=\"mpc_icon_column-2269e1694aaca7d\" class=\"mpc-icon-column mpc-init mpc-parent-hover mpc-transition mpc-icon-column--style_1 mpc-align--center \" ><div data-id=\"mpc_icon-6669e1694aaca9c\" class=\"mpc-icon mpc-init mpc-transition mpc-effect-none mpc-icon-hover \"><div class=\"mpc-icon-wrap\"><i class=\"mpc-icon-part mpc-regular mpc-transition  etl etl-key\"><\/i><i class=\"mpc-icon-part mpc-hover mpc-transition  etl etl-key\"><\/i><\/div><\/div><div class=\"mpc-icon-column__content-wrap\"><div class=\"mpc-icon-column__content\"><h3 class=\"mpc-icon-column__heading mpc-typography--mpc_preset_20 mpc-transition\">38 SCHLAFZIMMER<\/h3><div class=\"mpc-icon-column__description mpc-typography--mpc_preset_1 mpc-transition\"><p>Ger\u00e4umige Doppelzimmer, in einer ruhigen Umgebung, mit Nebenzimmer f\u00fcr Familien und Zugang f\u00fcr Personen mit eingeschr\u00e4nkter Mobilit\u00e4t<\/p>\n<\/div><\/div><\/div><\/div><div data-id=\"mpc_icon_column-269e1694aacb1d\" class=\"mpc-icon-column mpc-init mpc-parent-hover mpc-transition mpc-icon-column--style_1 mpc-align--center \" ><div data-id=\"mpc_icon-4569e1694aacb41\" class=\"mpc-icon mpc-init mpc-transition mpc-effect-none mpc-icon-hover \"><div class=\"mpc-icon-wrap\"><i class=\"mpc-icon-part mpc-regular mpc-transition  ti ti-rss-alt\"><\/i><i class=\"mpc-icon-part mpc-hover mpc-transition  ti ti-rss-alt\"><\/i><\/div><\/div><div class=\"mpc-icon-column__content-wrap\"><div class=\"mpc-icon-column__content\"><h3 class=\"mpc-icon-column__heading mpc-typography--mpc_preset_20 mpc-transition\">KOSTENLOSES WLAN &amp; 4G<\/h3><div class=\"mpc-icon-column__description mpc-typography--mpc_preset_1 mpc-transition\"><p>Kostenloses WIFI-Netzwerk im gesamten Hotel und hervorragendes 4G-Netzwerk \u00a0f\u00fcr alle Betreiber.<\/p>\n<\/div><\/div><\/div><\/div><div data-id=\"mpc_icon_column-4469e1694aacbc0\" class=\"mpc-icon-column mpc-init mpc-parent-hover mpc-transition mpc-icon-column--style_1 mpc-align--center \" ><div data-id=\"mpc_icon-4869e1694aacbd7\" class=\"mpc-icon mpc-init mpc-transition mpc-effect-none mpc-icon-hover \"><div class=\"mpc-icon-wrap\"><i class=\"mpc-icon-part mpc-regular mpc-transition  lnr lnr-users\"><\/i><i class=\"mpc-icon-part mpc-hover mpc-transition  lnr lnr-users\"><\/i><\/div><\/div><div class=\"mpc-icon-column__content-wrap\"><div class=\"mpc-icon-column__content\"><h3 class=\"mpc-icon-column__heading mpc-typography--mpc_preset_20 mpc-transition\">SEMINARE &amp; VERSCHIEDENE VERANSTALTUNGEN<\/h3><div class=\"mpc-icon-column__description mpc-typography--mpc_preset_1 mpc-transition\"><p>Der gro\u00dfe Tagungsraum mit Tageslicht und Blick auf den Hotelgarten bietet Platz f\u00fcr bis zu 100 Personen<\/p>\n<\/div><\/div><\/div><\/div><\/div><div class=\"ult-spacer spacer-69e1694aacc17\" data-id=\"69e1694aacc17\" data-height=\"50\" data-height-mobile=\"50\" data-height-tab=\"50\" data-height-tab-portrait=\"\" data-height-mobile-landscape=\"\" style=\"clear:both;display:block;\"><\/div>[vc_single_image image=&#8221;776&#8243; img_size=&#8221;&#8221; alignment=&#8221;center&#8221;][\/vc_column][\/vc_row][vc_row][vc_column width=&#8221;1\/3&#8243;][vc_single_image image=&#8221;886&#8243; img_size=&#8221;&#8221; alignment=&#8221;center&#8221; style=&#8221;vc_box_rounded&#8221;][vc_custom_heading text=&#8221;Fr\u00fchst\u00fccksservice&#8221; font_container=&#8221;tag:h3|text_align:center&#8221; use_theme_fonts=&#8221;yes&#8221;][vc_column_text]<\/p>\n<p style=\"text-align: justify;\">Unser Fr\u00fchst\u00fcck wird mit einer gro\u00dfen Auswahl an Geb\u00e4ck und Brot serviert, darunter eine k\u00f6stliche Baguette aus der La\u00efta-Tradition, das von unserem B\u00e4cker zubereitet wird. Sie werden auch die vielen verschiedenen Marmeladen- und Brotaufstriche sowie Fr\u00fcchte, Joghurt und Cerealien genie\u00dfen. Das Fr\u00fchst\u00fcck wird werktags von 6 bis 10 Uhr serviert, am Wochenende von 8 bis 10.30 Uhr.<\/p>\n<p>[\/vc_column_text][\/vc_column][vc_column width=&#8221;1\/3&#8243;][vc_single_image image=&#8221;892&#8243; img_size=&#8221;&#8221; alignment=&#8221;center&#8221; style=&#8221;vc_box_rounded&#8221;][vc_custom_heading text=&#8221;Abendlicher Zwischenstopp&#8221; font_container=&#8221;tag:h3|text_align:center&#8221; use_theme_fonts=&#8221;yes&#8221;][vc_column_text]<\/p>\n<p style=\"text-align: justify;\">Mit unserem Zwischenstoppangebot bieten wir Ihnen die Bereitstellung Ihres Zimmers mit Halbpension &#8211; Abendessen und Fr\u00fchst\u00fcck &#8211; an.<br \/>\nNur wenige Kilometer von der Quimper-Lorient Schnellstra\u00dfe entfernt, ist der Zugang schnell und einfach. Der kostenlose Parkplatz unseres Hotels steht Ihnen zur Verf\u00fcgung. Das 4G-Netz ist f\u00fcr alle Betreiber sehr effizient, und wir bieten Ihnen WIFI an.<\/p>\n<p>[\/vc_column_text][\/vc_column][vc_column width=&#8221;1\/3&#8243;][vc_single_image image=&#8221;881&#8243; img_size=&#8221;&#8221; alignment=&#8221;center&#8221; style=&#8221;vc_box_rounded&#8221; onclick=&#8221;custom_link&#8221; link=&#8221;https:\/\/hotel-novalis-quimperle.com\/restaurant\/&#8221;][vc_custom_heading text=&#8221;Unser Restaurant&#8221; font_container=&#8221;tag:h3|text_align:center&#8221; use_theme_fonts=&#8221;yes&#8221; link=&#8221;url:https%3A%2F%2Fhotel-novalis-quimperle.com%2Frestaurant%2F|||&#8221;][vc_column_text]<\/p>\n<p style=\"text-align: justify;\">Unser Restaurant bietet eine abwechslungsreiche und gro\u00dfz\u00fcgige K\u00fcche, die allen Anspr\u00fcchen gerecht wird. Unser K\u00fcchenteam arbeitet mit frischen und saisonalen Produkten, um Ihnen ausgezeichnete und preiswerte Men\u00fcs anzubieten. Wir begr\u00fc\u00dfen auch Leute von au\u00dferhalb des Hotels in unserem Restaurant, ge\u00f6ffnet von Montag bis Freitagabend (auf Reservierung am Wochenende).<\/p>\n<p>[\/vc_column_text][\/vc_column][\/vc_row]<\/p>\n<\/div>","protected":false},"excerpt":{"rendered":"<p>[vc_row][vc_column width=&#8221;1\/4&#8243;][\/vc_column][vc_column width=&#8221;1\/2&#8243;][vc_custom_heading text=&#8221;Das Superior-Zimmer: erstklassiger Komfort und zeitgem\u00e4\u00dfe Atmosph\u00e4re&#8221; font_container=&#8221;tag:h3|text_align:center&#8221; use_theme_fonts=&#8221;yes&#8221;][vc_column_text] Die Superior-Zimmer im zeitgen\u00f6ssischen Stil sind ger\u00e4umig (21m2) mit 180cm King-Size-Bettw\u00e4sche, ideal f\u00fcr einen langen Aufenthalt in der Bretagne. Alle Zimmer wurden k\u00fcrzlich mit einer beruhigenden Dekoration aus Blumen- oder Mineraldekorationen renoviert. Die LED-Beleuchtung schafft eine gem\u00fctliche Atmosph\u00e4re, und der Entspannung f\u00f6rderlich ist.<\/p>\n","protected":false},"author":1,"featured_media":0,"parent":0,"menu_order":0,"comment_status":"closed","ping_status":"closed","template":"","meta":{"footnotes":""},"yst_prominent_words":[],"class_list":["post-1526","page","type-page","status-publish","hentry","description-off"],"_links":{"self":[{"href":"https:\/\/hotel-novalis-quimperle.com\/de\/wp-json\/wp\/v2\/pages\/1526","targetHints":{"allow":["GET"]}}],"collection":[{"href":"https:\/\/hotel-novalis-quimperle.com\/de\/wp-json\/wp\/v2\/pages"}],"about":[{"href":"https:\/\/hotel-novalis-quimperle.com\/de\/wp-json\/wp\/v2\/types\/page"}],"author":[{"embeddable":true,"href":"https:\/\/hotel-novalis-quimperle.com\/de\/wp-json\/wp\/v2\/users\/1"}],"replies":[{"embeddable":true,"href":"https:\/\/hotel-novalis-quimperle.com\/de\/wp-json\/wp\/v2\/comments?post=1526"}],"version-history":[{"count":4,"href":"https:\/\/hotel-novalis-quimperle.com\/de\/wp-json\/wp\/v2\/pages\/1526\/revisions"}],"predecessor-version":[{"id":1530,"href":"https:\/\/hotel-novalis-quimperle.com\/de\/wp-json\/wp\/v2\/pages\/1526\/revisions\/1530"}],"wp:attachment":[{"href":"https:\/\/hotel-novalis-quimperle.com\/de\/wp-json\/wp\/v2\/media?parent=1526"}],"wp:term":[{"taxonomy":"yst_prominent_words","embeddable":true,"href":"https:\/\/hotel-novalis-quimperle.com\/de\/wp-json\/wp\/v2\/yst_prominent_words?post=1526"}],"curies":[{"name":"wp","href":"https:\/\/api.w.org\/{rel}","templated":true}]}}