{"id":1549,"date":"2019-04-25T14:11:11","date_gmt":"2019-04-25T12:11:11","guid":{"rendered":"https:\/\/hotel-novalis-quimperle.com\/?page_id=1549"},"modified":"2024-07-18T09:57:26","modified_gmt":"2024-07-18T07:57:26","slug":"restaurant","status":"publish","type":"page","link":"https:\/\/hotel-novalis-quimperle.com\/de\/restaurant\/","title":{"rendered":"Restaurant"},"content":{"rendered":"<div class=\"wpb-content-wrapper\"><p>[vc_row][vc_column width=&#8221;1\/4&#8243;][\/vc_column][vc_column width=&#8221;1\/2&#8243;][vc_custom_heading text=&#8221;Das regionale H\u00f4tel Novalis Restaurant&#8221; font_container=&#8221;tag:h3|text_align:center&#8221; use_theme_fonts=&#8221;yes&#8221;][vc_column_text]<\/p>\n<p style=\"text-align: justify;\"><span style=\"color: #af6447;\"><strong>L\u2019atelier H<\/strong><\/span>in Quimperl\u00e9 ist von Montag bis Freitagabend ge\u00f6ffnet und bietet Ihnen eine komplett hausgemachte K\u00fcche mit frischen und hochwertige Produkten. Beim Mittag- und Abendessen, \u00e0 la Carte oder Men\u00fcs bereiten der K\u00fcchenchef und sein Team ihre Spezialit\u00e4ten.<br \/>\nAuf <span style=\"color: #af6447;\"><strong>Reservierung<\/strong><\/span> k\u00f6nnen Sie unser Restaurant auch am <span style=\"color: #af6447;\"><strong>Samstag oder Sonntag<\/strong><\/span> genie\u00dfen.<br \/>\nJeden Tag bieten wir ein Tagesmen\u00fc mit Vorspeise, Hauptgericht und Dessert an, auf unserem Schiefer, wahlweise mit Fleisch oder Fisch.<br \/>\nWir bevorzugen <span style=\"color: #af6447;\"><strong>frische, hochwertige Produkte<\/strong><\/span>. Der Fisch kommt jeden Tag aus der K\u00fcstenfischerei und variiert je nach Ankunft.<br \/>\nWir haben das <span style=\"color: #af6447;\"><strong>Tourismus-Qualit\u00e4tssiegel<\/strong><\/span>, das unser Engagement f\u00fcr qualitativ hochwertige Dienstleistungen belegt.<\/p>\n<p>[\/vc_column_text]<div class=\"ult-spacer spacer-69db636c54308\" data-id=\"69db636c54308\" data-height=\"40\" data-height-mobile=\"40\" data-height-tab=\"40\" data-height-tab-portrait=\"\" data-height-mobile-landscape=\"\" style=\"clear:both;display:block;\"><\/div>[\/vc_column][vc_column width=&#8221;1\/4&#8243;][\/vc_column][\/vc_row][vc_row][vc_column width=&#8221;1\/3&#8243;][vc_single_image image=&#8221;886&#8243; img_size=&#8221;&#8221; alignment=&#8221;center&#8221; style=&#8221;vc_box_rounded&#8221;][vc_custom_heading text=&#8221;Fr\u00fchst\u00fccksservice&#8221; font_container=&#8221;tag:h3|text_align:center&#8221; use_theme_fonts=&#8221;yes&#8221;][vc_column_text]<\/p>\n<p style=\"text-align: justify;\">Unser Fr\u00fchst\u00fcck wird mit einer gro\u00dfen Auswahl an Geb\u00e4ck und Brot serviert, darunter eine k\u00f6stliche Baguette aus der La\u00efta-Tradition, das von unserem B\u00e4cker zubereitet wird. Sie werden auch die vielen verschiedenen Marmeladen- und Brotaufstriche sowie Fr\u00fcchte, Joghurt und Cerealien genie\u00dfen. Das Fr\u00fchst\u00fcck wird werktags von 6 bis 10 Uhr serviert, am Wochenende von 8 bis 10.30 Uhr.<\/p>\n<p>[\/vc_column_text]<div class=\"ult-spacer spacer-69db636c5433c\" data-id=\"69db636c5433c\" data-height=\"20\" data-height-mobile=\"20\" data-height-tab=\"20\" data-height-tab-portrait=\"\" data-height-mobile-landscape=\"\" style=\"clear:both;display:block;\"><\/div>[\/vc_column][vc_column width=&#8221;1\/3&#8243;][vc_single_image image=&#8221;892&#8243; img_size=&#8221;&#8221; alignment=&#8221;center&#8221; style=&#8221;vc_box_rounded&#8221;][vc_custom_heading text=&#8221;Mittagsformeln&#8221; font_container=&#8221;tag:h3|text_align:center&#8221; use_theme_fonts=&#8221;yes&#8221;]<div class=\"ult-spacer spacer-69db636c54359\" data-id=\"69db636c54359\" data-height=\"20\" data-height-mobile=\"20\" data-height-tab=\"20\" data-height-tab-portrait=\"\" data-height-mobile-landscape=\"\" style=\"clear:both;display:block;\"><\/div><div class=\"uavc-list-icon uavc-list-icon-wrapper ult-adjust-bottom-margin   vc_custom_1549317578036  vc_custom_1549317578036\"><ul class=\"uavc-list\"><li><div class=\"uavc-list-content\" id=\"list-icon-wrap-9587\">\n<div class=\"uavc-list-icon  \" data-animation=\"\" data-animation-delay=\"03\" style=\"margin-right:15px;\"><div class=\"ult-just-icon-wrapper  \"><div class=\"align-icon\" style=\"text-align:center;\">\n<div class=\"aio-icon none \"  style=\"color:#af6447;font-size:15px;display:inline-block;\">\n\t<i class=\"Defaults-chevron-circle-right\"><\/i>\n<\/div><\/div><\/div>\n<\/div><span  data-ultimate-target='#list-icon-wrap-9587 .uavc-list-desc'  data-responsive-json-new='{\"font-size\":\"\",\"line-height\":\"\"}'  class=\"uavc-list-desc ult-responsive\" style=\"\"><\/p>\n<p style=\"text-align: justify;\">1 Gang und Caf\u00e9 Angebot: 15\u20ac<\/p>\n<p><\/span><\/div><\/li><li><div class=\"uavc-list-content\" id=\"list-icon-wrap-6200\">\n<div class=\"uavc-list-icon  \" data-animation=\"\" data-animation-delay=\"03\" style=\"margin-right:15px;\"><div class=\"ult-just-icon-wrapper  \"><div class=\"align-icon\" style=\"text-align:center;\">\n<div class=\"aio-icon none \"  style=\"color:#af6447;font-size:15px;display:inline-block;\">\n\t<i class=\"Defaults-chevron-circle-right\"><\/i>\n<\/div><\/div><\/div>\n<\/div><span  data-ultimate-target='#list-icon-wrap-6200 .uavc-list-desc'  data-responsive-json-new='{\"font-size\":\"\",\"line-height\":\"\"}'  class=\"uavc-list-desc ult-responsive\" style=\"\"><\/p>\n<p style=\"text-align: justify;\">Forumule 2 Gerichte auf der Schiefertafel : 17 euros<\/p>\n<p><\/span><\/div><\/li><li><div class=\"uavc-list-content\" id=\"list-icon-wrap-9180\">\n<div class=\"uavc-list-icon  \" data-animation=\"\" data-animation-delay=\"03\" style=\"margin-right:15px;\"><div class=\"ult-just-icon-wrapper  \"><div class=\"align-icon\" style=\"text-align:center;\">\n<div class=\"aio-icon none \"  style=\"color:#af6447;font-size:15px;display:inline-block;\">\n\t<i class=\"Defaults-chevron-circle-right\"><\/i>\n<\/div><\/div><\/div>\n<\/div><span  data-ultimate-target='#list-icon-wrap-9180 .uavc-list-desc'  data-responsive-json-new='{\"font-size\":\"\",\"line-height\":\"\"}'  class=\"uavc-list-desc ult-responsive\" style=\"\"><\/p>\n<p style=\"text-align: justify;\">Forumule 3 Gerichte auf der Schiefertafel : 22 euros<br \/>\n(Vorspeise, Hauptgericht, Dessert)<\/p>\n<p><\/span><\/div><\/li><\/ul><\/div><div class=\"ult-spacer spacer-69db636c5454f\" data-id=\"69db636c5454f\" data-height=\"20\" data-height-mobile=\"20\" data-height-tab=\"20\" data-height-tab-portrait=\"\" data-height-mobile-landscape=\"\" style=\"clear:both;display:block;\"><\/div>[\/vc_column][vc_column width=&#8221;1\/3&#8243;][vc_single_image image=&#8221;881&#8243; img_size=&#8221;&#8221; alignment=&#8221;center&#8221; style=&#8221;vc_box_rounded&#8221;][vc_custom_heading text=&#8221;Unser Restaurant&#8221; font_container=&#8221;tag:h3|text_align:center&#8221; use_theme_fonts=&#8221;yes&#8221;][vc_column_text]<\/p>\n<p style=\"text-align: justify;\">Unser Restaurant bietet eine abwechslungsreiche und gro\u00dfz\u00fcgige K\u00fcche, die allen Anspr\u00fcchen gerecht wird. Unser K\u00fcchenteam arbeitet mit frischen und saisonalen Produkten, um Ihnen ausgezeichnete und preiswerte Men\u00fcs anzubieten. Wir begr\u00fc\u00dfen auch Leute von au\u00dferhalb des Hotels in unserem Restaurant, ge\u00f6ffnet von Montag bis Freitagabend (auf Reservierung am Wochenende).<\/p>\n<p>[\/vc_column_text][\/vc_column][\/vc_row][vc_row][vc_column width=&#8221;1\/3&#8243;][\/vc_column][vc_column width=&#8221;1\/3&#8243;]<div class=\" ubtn-ctn-center \"><a class=\"ubtn-link ult-adjust-bottom-margin ubtn-center ubtn-custom \" href=\"https:\/\/hotel-novalis-quimperle.com\/de\/unterkunft\/\" ><button type=\"button\" id=\"ubtn-3879\"  class=\"ubtn ult-adjust-bottom-margin ult-responsive ubtn-custom ubtn-no-hover-bg  none  ubtn-center   tooltip-69db636c5456d\"  data-hover=\"#ffffff\" data-border-color=\"#af6447\" data-bg=\"\" data-hover-bg=\"rgba(175,100,70,0.9)\" data-border-hover=\"\" data-shadow-hover=\"\" data-shadow-click=\"none\" data-shadow=\"\" data-shd-shadow=\"\"  data-ultimate-target='#ubtn-3879'  data-responsive-json-new='{\"font-size\":\"desktop:18px;\",\"line-height\":\"\"}'  style=\"font-weight:normal;width:300px;min-height:70px;padding:px px;border-radius:3px;border-width:1px;border-color:#af6447;border-style:solid;color: #af6447;\"><span class=\"ubtn-hover\" style=\"background-color:rgba(175,100,70,0.9)\"><\/span><span class=\"ubtn-data ubtn-text \" >Unsere Unterbringungen entdecken<\/span><\/button><\/a><\/div><div class=\"ult-spacer spacer-69db636c545aa\" data-id=\"69db636c545aa\" data-height=\"30\" data-height-mobile=\"30\" data-height-tab=\"30\" data-height-tab-portrait=\"\" data-height-mobile-landscape=\"\" style=\"clear:both;display:block;\"><\/div>[\/vc_column][vc_column width=&#8221;1\/4&#8243;][\/vc_column][\/vc_row][vc_row full_width=&#8221;stretch_row_content&#8221; css=&#8221;.vc_custom_1557148247332{background-image: url(https:\/\/hotel-novalis-quimperle.com\/wp-content\/uploads\/2019\/01\/quimperle-hotel.jpg?id=845) !important;background-position: center !important;background-repeat: no-repeat !important;background-size: cover !important;}&#8221;][vc_column]<div class=\"ult-spacer spacer-69db636c545ba\" data-id=\"69db636c545ba\" data-height=\"50\" data-height-mobile=\"50\" data-height-tab=\"50\" data-height-tab-portrait=\"\" data-height-mobile-landscape=\"\" style=\"clear:both;display:block;\"><\/div><div id=\"mpc_connected_icons-3069db636c545d8\" class=\"mpc-connected-icons mpc-init mpc-transition \"  data-ci-cols=\"4\" data-target=\"icon\" data-layout=\"horizontal\"><div class=\"mpc-connected-icons__line\"><span><\/span><\/div><div data-id=\"mpc_icon_column-9869db636c54671\" class=\"mpc-icon-column mpc-init mpc-parent-hover mpc-transition mpc-icon-column--style_1 mpc-align--center \" ><div data-id=\"mpc_icon-5769db636c546b6\" class=\"mpc-icon mpc-init mpc-transition mpc-effect-none mpc-icon-hover \"><div class=\"mpc-icon-wrap\"><i class=\"mpc-icon-part mpc-regular mpc-transition  lnr lnr-sync\"><\/i><i class=\"mpc-icon-part mpc-hover mpc-transition  lnr lnr-sync\"><\/i><\/div><\/div><div class=\"mpc-icon-column__content-wrap\"><div class=\"mpc-icon-column__content\"><h3 class=\"mpc-icon-column__heading mpc-typography--mpc_preset_20 mpc-transition\">GANZJ\u00c4HRIG GE\u00d6FFNET<\/h3><div class=\"mpc-icon-column__description mpc-typography--mpc_preset_1 mpc-transition\"><p>Das Hotel Novalis empf\u00e4ngt Sie das ganze Jahr \u00fcber in Quimperl\u00e9 f\u00fcr Ihren Gesch\u00e4fts- oder Freizeitaufenthalt<\/p>\n<\/div><\/div><\/div><\/div><div data-id=\"mpc_icon_column-1169db636c54751\" class=\"mpc-icon-column mpc-init mpc-parent-hover mpc-transition mpc-icon-column--style_1 mpc-align--center \" ><div data-id=\"mpc_icon-4569db636c54774\" class=\"mpc-icon mpc-init mpc-transition mpc-effect-none mpc-icon-hover \"><div class=\"mpc-icon-wrap\"><i class=\"mpc-icon-part mpc-regular mpc-transition  etl etl-key\"><\/i><i class=\"mpc-icon-part mpc-hover mpc-transition  etl etl-key\"><\/i><\/div><\/div><div class=\"mpc-icon-column__content-wrap\"><div class=\"mpc-icon-column__content\"><h3 class=\"mpc-icon-column__heading mpc-typography--mpc_preset_20 mpc-transition\">38 SCHLAFZIMMER<\/h3><div class=\"mpc-icon-column__description mpc-typography--mpc_preset_1 mpc-transition\"><p>Ger\u00e4umige Doppelzimmer, in einer ruhigen Umgebung, mit Nebenzimmer f\u00fcr Familien und Zugang f\u00fcr Personen mit eingeschr\u00e4nkter Mobilit\u00e4t<\/p>\n<\/div><\/div><\/div><\/div><div data-id=\"mpc_icon_column-6369db636c547de\" class=\"mpc-icon-column mpc-init mpc-parent-hover mpc-transition mpc-icon-column--style_1 mpc-align--center \" ><div data-id=\"mpc_icon-3269db636c547f3\" class=\"mpc-icon mpc-init mpc-transition mpc-effect-none mpc-icon-hover \"><div class=\"mpc-icon-wrap\"><i class=\"mpc-icon-part mpc-regular mpc-transition  ti ti-rss-alt\"><\/i><i class=\"mpc-icon-part mpc-hover mpc-transition  ti ti-rss-alt\"><\/i><\/div><\/div><div class=\"mpc-icon-column__content-wrap\"><div class=\"mpc-icon-column__content\"><h3 class=\"mpc-icon-column__heading mpc-typography--mpc_preset_20 mpc-transition\">KOSTENLOSES WLAN &amp; 4G<\/h3><div class=\"mpc-icon-column__description mpc-typography--mpc_preset_1 mpc-transition\"><p>Kostenloses WIFI-Netzwerk im gesamten Hotel und hervorragendes 4G-Netzwerk \u00a0f\u00fcr alle Betreiber.<\/p>\n<\/div><\/div><\/div><\/div><div data-id=\"mpc_icon_column-9269db636c54858\" class=\"mpc-icon-column mpc-init mpc-parent-hover mpc-transition mpc-icon-column--style_1 mpc-align--center \" ><div data-id=\"mpc_icon-2069db636c5486a\" class=\"mpc-icon mpc-init mpc-transition mpc-effect-none mpc-icon-hover \"><div class=\"mpc-icon-wrap\"><i class=\"mpc-icon-part mpc-regular mpc-transition  lnr lnr-users\"><\/i><i class=\"mpc-icon-part mpc-hover mpc-transition  lnr lnr-users\"><\/i><\/div><\/div><div class=\"mpc-icon-column__content-wrap\"><div class=\"mpc-icon-column__content\"><h3 class=\"mpc-icon-column__heading mpc-typography--mpc_preset_20 mpc-transition\">SEMINARE &amp; VERSCHIEDENE VERANSTALTUNGEN<\/h3><div class=\"mpc-icon-column__description mpc-typography--mpc_preset_1 mpc-transition\"><p>Der gro\u00dfe Tagungsraum mit Tageslicht und Blick auf den Hotelgarten bietet Platz f\u00fcr bis zu 100 Personen<\/p>\n<\/div><\/div><\/div><\/div><\/div><div class=\"ult-spacer spacer-69db636c5489f\" data-id=\"69db636c5489f\" data-height=\"50\" data-height-mobile=\"50\" data-height-tab=\"50\" data-height-tab-portrait=\"\" data-height-mobile-landscape=\"\" style=\"clear:both;display:block;\"><\/div>[vc_single_image image=&#8221;776&#8243; img_size=&#8221;&#8221; alignment=&#8221;center&#8221;][\/vc_column][\/vc_row]<\/p>\n<\/div>","protected":false},"excerpt":{"rendered":"<p>[vc_row][vc_column width=&#8221;1\/4&#8243;][\/vc_column][vc_column width=&#8221;1\/2&#8243;][vc_custom_heading text=&#8221;Das regionale H\u00f4tel Novalis Restaurant&#8221; font_container=&#8221;tag:h3|text_align:center&#8221; use_theme_fonts=&#8221;yes&#8221;][vc_column_text] L\u2019atelier Hin Quimperl\u00e9 ist von Montag bis Freitagabend ge\u00f6ffnet und bietet Ihnen eine komplett hausgemachte K\u00fcche mit frischen und hochwertige Produkten. Beim Mittag- und Abendessen, \u00e0 la Carte oder Men\u00fcs bereiten der K\u00fcchenchef und sein Team ihre Spezialit\u00e4ten. Auf Reservierung k\u00f6nnen Sie unser Restaurant auch<\/p>\n","protected":false},"author":1,"featured_media":0,"parent":0,"menu_order":0,"comment_status":"closed","ping_status":"closed","template":"","meta":{"footnotes":""},"yst_prominent_words":[],"class_list":["post-1549","page","type-page","status-publish","hentry","description-off"],"_links":{"self":[{"href":"https:\/\/hotel-novalis-quimperle.com\/de\/wp-json\/wp\/v2\/pages\/1549","targetHints":{"allow":["GET"]}}],"collection":[{"href":"https:\/\/hotel-novalis-quimperle.com\/de\/wp-json\/wp\/v2\/pages"}],"about":[{"href":"https:\/\/hotel-novalis-quimperle.com\/de\/wp-json\/wp\/v2\/types\/page"}],"author":[{"embeddable":true,"href":"https:\/\/hotel-novalis-quimperle.com\/de\/wp-json\/wp\/v2\/users\/1"}],"replies":[{"embeddable":true,"href":"https:\/\/hotel-novalis-quimperle.com\/de\/wp-json\/wp\/v2\/comments?post=1549"}],"version-history":[{"count":7,"href":"https:\/\/hotel-novalis-quimperle.com\/de\/wp-json\/wp\/v2\/pages\/1549\/revisions"}],"predecessor-version":[{"id":2810,"href":"https:\/\/hotel-novalis-quimperle.com\/de\/wp-json\/wp\/v2\/pages\/1549\/revisions\/2810"}],"wp:attachment":[{"href":"https:\/\/hotel-novalis-quimperle.com\/de\/wp-json\/wp\/v2\/media?parent=1549"}],"wp:term":[{"taxonomy":"yst_prominent_words","embeddable":true,"href":"https:\/\/hotel-novalis-quimperle.com\/de\/wp-json\/wp\/v2\/yst_prominent_words?post=1549"}],"curies":[{"name":"wp","href":"https:\/\/api.w.org\/{rel}","templated":true}]}}