{"id":1582,"date":"2019-04-25T22:42:31","date_gmt":"2019-04-25T20:42:31","guid":{"rendered":"https:\/\/hotel-novalis-quimperle.com\/?page_id=1582"},"modified":"2019-05-06T15:13:56","modified_gmt":"2019-05-06T13:13:56","slug":"seminar","status":"publish","type":"page","link":"https:\/\/hotel-novalis-quimperle.com\/de\/seminar\/","title":{"rendered":"Seminar"},"content":{"rendered":"<div class=\"wpb-content-wrapper\"><p>[vc_row][vc_column width=&#8221;1\/4&#8243;][\/vc_column][vc_column width=&#8221;1\/2&#8243;][vc_custom_heading text=&#8221;Organisieren Sie Ihr Seminar in Quimperl\u00e9&#8221; font_container=&#8221;tag:h3|text_align:center&#8221; use_theme_fonts=&#8221;yes&#8221;][vc_column_text]<\/p>\n<p style=\"text-align: justify;\">Das Novalis Hotel verf\u00fcgt \u00fcber einen <span style=\"color: #af6447;\"><strong>gro\u00dfen, modernen Raum<\/strong><\/span> f\u00fcr Ihre Seminare. Wir bieten alle Arten von Dienstleistungen an und stellen Ihnen unser Zimmer zur Verf\u00fcgung, das bis zu <span style=\"color: #af6447;\"><strong>100 Personen<\/strong><\/span> aufnehmen kann. Sie k\u00f6nnen dort Meetings organisieren und wir stellen Ihnen auch die gesamte Ausr\u00fcstung zur Verf\u00fcgung, die f\u00fcr die Organisation und Animation Ihrer Firmenveranstaltungen, Konferenzen&#8230;<\/p>\n<p>[\/vc_column_text]<div class=\"ult-spacer spacer-69e728216feab\" data-id=\"69e728216feab\" data-height=\"40\" data-height-mobile=\"40\" data-height-tab=\"40\" data-height-tab-portrait=\"\" data-height-mobile-landscape=\"\" style=\"clear:both;display:block;\"><\/div>[\/vc_column][vc_column width=&#8221;1\/4&#8243;][\/vc_column][\/vc_row][vc_row][vc_column width=&#8221;1\/2&#8243;][vc_single_image image=&#8221;1029&#8243; img_size=&#8221;&#8221; alignment=&#8221;center&#8221; style=&#8221;vc_box_rounded&#8221;][vc_custom_heading text=&#8221;Ein Raum f\u00fcr Ihre festlichen Veranstaltungen in Quimperl\u00e9&#8221; font_container=&#8221;tag:h3|text_align:center&#8221; use_theme_fonts=&#8221;yes&#8221;][vc_column_text]<\/p>\n<p style=\"text-align: justify;\">Wir stellen unseren Tagungsraum auch Gruppen und Vereinen zur Verf\u00fcgung, um weitere festliche Veranstaltungen wie der Dreik\u00f6nigskuchen, <span style=\"color: #af6447;\"><strong>Cocktails<\/strong><\/span>, Abflugpartys, <span style=\"color: #af6447;\"><strong>Geburtstage<\/strong><\/span> oder sogar Lichtmess zu organisieren. Unsere Catering-Abteilung kann Ihnen die Elemente liefern, die Sie ben\u00f6tigen, um Ihre Veranstaltung zu bereichern.<\/p>\n<p>[\/vc_column_text][\/vc_column][vc_column width=&#8221;1\/2&#8243;][vc_single_image image=&#8221;1019&#8243; img_size=&#8221;&#8221; alignment=&#8221;center&#8221; style=&#8221;vc_box_rounded&#8221;][vc_custom_heading text=&#8221;Sie organisieren einen Empfang, ein Meeting in Quimperl\u00e9&#8221; font_container=&#8221;tag:h3|text_align:center&#8221; use_theme_fonts=&#8221;yes&#8221;][vc_column_text]<\/p>\n<p style=\"text-align: justify;\">F\u00fcr Ihre Gesch\u00e4ftsreisen oder f\u00fcr Firmen, die eine Veranstaltung f\u00fcr ihre Mitarbeiter organisieren m\u00f6chten, bieten wir 2 55m2 R\u00e4ume mit der M\u00f6glichkeit, diese in einen 110m2 Raum zu modulieren. Sie haben eine Kapazit\u00e4t von <span style=\"color: #af6447;\"><strong>20 bis 80 Personen<\/strong><\/span>. Wir stellen Ihnen Leinw\u00e4nde, einen WiFi-Drucker (Farbe und S\/W), ein Soundsystem und einen <span style=\"color: #af6447;\"><strong>Videoprojektor<\/strong><\/span> zur Verf\u00fcgung, um Ihre Meetings und Veranstaltungen zu animieren.<\/p>\n<p>[\/vc_column_text][\/vc_column][\/vc_row][vc_column width=&#8221;1\/4&#8243;][\/vc_column][vc_row full_width=&#8221;stretch_row_content&#8221; css=&#8221;.vc_custom_1557148432893{background-image: url(https:\/\/hotel-novalis-quimperle.com\/wp-content\/uploads\/2019\/01\/quimperle-hotel.jpg?id=845) !important;background-position: center !important;background-repeat: no-repeat !important;background-size: cover !important;}&#8221;][vc_column]<div class=\"ult-spacer spacer-69e728216fedc\" data-id=\"69e728216fedc\" data-height=\"50\" data-height-mobile=\"50\" data-height-tab=\"50\" data-height-tab-portrait=\"\" data-height-mobile-landscape=\"\" style=\"clear:both;display:block;\"><\/div><div id=\"mpc_connected_icons-5669e728216ff07\" class=\"mpc-connected-icons mpc-init mpc-transition \"  data-ci-cols=\"4\" data-target=\"icon\" data-layout=\"horizontal\"><div class=\"mpc-connected-icons__line\"><span><\/span><\/div><div data-id=\"mpc_icon_column-4169e728216fff2\" class=\"mpc-icon-column mpc-init mpc-parent-hover mpc-transition mpc-icon-column--style_1 mpc-align--center \" ><div data-id=\"mpc_icon-269e7282170038\" class=\"mpc-icon mpc-init mpc-transition mpc-effect-none mpc-icon-hover \"><div class=\"mpc-icon-wrap\"><i class=\"mpc-icon-part mpc-regular mpc-transition  lnr lnr-sync\"><\/i><i class=\"mpc-icon-part mpc-hover mpc-transition  lnr lnr-sync\"><\/i><\/div><\/div><div class=\"mpc-icon-column__content-wrap\"><div class=\"mpc-icon-column__content\"><h3 class=\"mpc-icon-column__heading mpc-typography--mpc_preset_20 mpc-transition\">HET HELE JAAR GEOPEND<\/h3><div class=\"mpc-icon-column__description mpc-typography--mpc_preset_1 mpc-transition\"><p>Hotel Novalis verwelkomt u elke dag van het jaar in Quimperl\u00e9 voor uw zaken- of vrijetijdsverblijven<\/p>\n<\/div><\/div><\/div><\/div><div data-id=\"mpc_icon_column-9969e72821700f1\" class=\"mpc-icon-column mpc-init mpc-parent-hover mpc-transition mpc-icon-column--style_1 mpc-align--center \" ><div data-id=\"mpc_icon-4469e7282170116\" class=\"mpc-icon mpc-init mpc-transition mpc-effect-none mpc-icon-hover \"><div class=\"mpc-icon-wrap\"><i class=\"mpc-icon-part mpc-regular mpc-transition  etl etl-key\"><\/i><i class=\"mpc-icon-part mpc-hover mpc-transition  etl etl-key\"><\/i><\/div><\/div><div class=\"mpc-icon-column__content-wrap\"><div class=\"mpc-icon-column__content\"><h3 class=\"mpc-icon-column__heading mpc-typography--mpc_preset_20 mpc-transition\">38 SLAAPKAMERS<\/h3><div class=\"mpc-icon-column__description mpc-typography--mpc_preset_1 mpc-transition\"><p>Ruime tweepersoonskamers, in een rustige omgeving, communicerend voor gezinnen en toegankelijk voor gehandicapte<\/p>\n<\/div><\/div><\/div><\/div><div data-id=\"mpc_icon_column-3169e7282170196\" class=\"mpc-icon-column mpc-init mpc-parent-hover mpc-transition mpc-icon-column--style_1 mpc-align--center \" ><div data-id=\"mpc_icon-2769e72821701b3\" class=\"mpc-icon mpc-init mpc-transition mpc-effect-none mpc-icon-hover \"><div class=\"mpc-icon-wrap\"><i class=\"mpc-icon-part mpc-regular mpc-transition  ti ti-rss-alt\"><\/i><i class=\"mpc-icon-part mpc-hover mpc-transition  ti ti-rss-alt\"><\/i><\/div><\/div><div class=\"mpc-icon-column__content-wrap\"><div class=\"mpc-icon-column__content\"><h3 class=\"mpc-icon-column__heading mpc-typography--mpc_preset_20 mpc-transition\">GRATIS WIFI &amp; 4G<\/h3><div class=\"mpc-icon-column__description mpc-typography--mpc_preset_1 mpc-transition\"><p>Gratis WIFI-netwerk in het hele hotel en uitstekende 4G-dekking, ongeacht de exploitant<\/p>\n<\/div><\/div><\/div><\/div><div data-id=\"mpc_icon_column-7069e728217022c\" class=\"mpc-icon-column mpc-init mpc-parent-hover mpc-transition mpc-icon-column--style_1 mpc-align--center \" ><div data-id=\"mpc_icon-9569e7282170248\" class=\"mpc-icon mpc-init mpc-transition mpc-effect-none mpc-icon-hover \"><div class=\"mpc-icon-wrap\"><i class=\"mpc-icon-part mpc-regular mpc-transition  lnr lnr-users\"><\/i><i class=\"mpc-icon-part mpc-hover mpc-transition  lnr lnr-users\"><\/i><\/div><\/div><div class=\"mpc-icon-column__content-wrap\"><div class=\"mpc-icon-column__content\"><h3 class=\"mpc-icon-column__heading mpc-typography--mpc_preset_20 mpc-transition\">SEMINARS &amp; EVENEMENTEN<\/h3><div class=\"mpc-icon-column__description mpc-typography--mpc_preset_1 mpc-transition\"><p>De grote vergaderzaal met daglicht en uitzicht op de hoteltuin biedt plaats aan maximaal 100 personen<\/p>\n<\/div><\/div><\/div><\/div><\/div><div class=\"ult-spacer spacer-69e728217029a\" data-id=\"69e728217029a\" data-height=\"50\" data-height-mobile=\"50\" data-height-tab=\"50\" data-height-tab-portrait=\"\" data-height-mobile-landscape=\"\" style=\"clear:both;display:block;\"><\/div>[vc_single_image image=&#8221;776&#8243; img_size=&#8221;&#8221; alignment=&#8221;center&#8221;][\/vc_column][\/vc_row][vc_row][vc_column width=&#8221;1\/2&#8243;][vc_custom_heading text=&#8221;Studientags Angebot : 26\u20ac&#8221; font_container=&#8221;tag:h3|text_align:center&#8221; use_theme_fonts=&#8221;yes&#8221;][vc_column_text]Dieses Angebot beinhaltet:<\/p>\n<ul>\n<li>Die Bereitstellung eines ausgestatteten Seminarraums, nach Ihren Vorgaben<\/li>\n<li>Morgens: Pause mit Kaffee Geb\u00e4ck<\/li>\n<li>Mittags: Angebot 1 Gang + Schieferdessert, 1\/4 Mineralwasser, Kaffee<\/li>\n<li>Nachmittagspause<\/li>\n<\/ul>\n<p>[\/vc_column_text][\/vc_column][vc_column width=&#8221;1\/2&#8243;][vc_custom_heading text=&#8221;Angebot f\u00fcr 38\u20ac beinhaltet&#8221; font_container=&#8221;tag:h3|text_align:center&#8221; use_theme_fonts=&#8221;yes&#8221;][vc_column_text]Dieses Angebot beinhaltet:<\/p>\n<ul>\n<li>Die Bereitstellung eines ausgestatteten Seminarraums, nach Ihren Vorgaben<\/li>\n<li>Vormittags: Begr\u00fc\u00dfungskaffee &amp; Pause mit Geb\u00e4ck<\/li>\n<li>\n<div class=\"\">Mittags: ein 3-Gang-Men\u00fc \/ inklusive Getr\u00e4nke (Aperitif, 1\/4 Mineralwasser, 1\/4 Wein, Kaffee)<\/div>\n<\/li>\n<li>\n<div class=\"\">eine Nachmittagspause mit Geb\u00e4ck<\/div>\n<\/li>\n<\/ul>\n<p>[\/vc_column_text][\/vc_column][\/vc_row][vc_row][vc_column][vc_column_text]<\/p>\n<p style=\"text-align: justify;\">F\u00fcr Ihrer Information: Die Kosten f\u00fcr die Anmietung eines Seminarraums f\u00fcr einen Tag kostet 138 \u20ac \/ f\u00fcr einen halben Tag 69 \u20ac.<\/p>\n<div class=\"\">Der Begr\u00fc\u00dfungskaffee kostet 2\u20ac<\/div>\n<div class=\"\">1 Gang + Dessert ohne Getr\u00e4nke: 15\u20ac<\/div>\n<div class=\"\">Das 3-Gang-Men\u00fc ohne Getr\u00e4nke: 19\u20ac<\/div>\n<div class=\"\"><\/div>\n<div class=\"\">Die maximale Ausstattung f\u00fcr einen U-f\u00f6rmigen Seminarraum betr\u00e4gt 35 Personen<\/div>\n<div class=\"\">Im Theaterstil k\u00f6nnen wir 80 Personen aufnehmen.<\/div>\n<div class=\"\">Zur Verf\u00fcgung stehen Ihnen ohne Aufpreis: Videoprojektionsger\u00e4te.<\/div>\n<p>[\/vc_column_text][vc_custom_heading text=&#8221;Wir stehen Ihnen gerne zur Verf\u00fcgung, um Ihr Seminar an Ihre Bed\u00fcrfnisse anzupassen.&#8221; font_container=&#8221;tag:h3|text_align:center&#8221; use_theme_fonts=&#8221;yes&#8221;][vc_custom_heading text=&#8221;Per Telefon : +33 2 98 39 24 00<br \/>\nPer E-mail : contact@lenovalis.com&#8221; font_container=&#8221;tag:h4|text_align:center&#8221; use_theme_fonts=&#8221;yes&#8221;][\/vc_column][\/vc_row]<\/p>\n<\/div>","protected":false},"excerpt":{"rendered":"<p>[vc_row][vc_column width=&#8221;1\/4&#8243;][\/vc_column][vc_column width=&#8221;1\/2&#8243;][vc_custom_heading text=&#8221;Organisieren Sie Ihr Seminar in Quimperl\u00e9&#8221; font_container=&#8221;tag:h3|text_align:center&#8221; use_theme_fonts=&#8221;yes&#8221;][vc_column_text] Das Novalis Hotel verf\u00fcgt \u00fcber einen gro\u00dfen, modernen Raum f\u00fcr Ihre Seminare. Wir bieten alle Arten von Dienstleistungen an und stellen Ihnen unser Zimmer zur Verf\u00fcgung, das bis zu 100 Personen aufnehmen kann. Sie k\u00f6nnen dort Meetings organisieren und wir stellen Ihnen auch die<\/p>\n","protected":false},"author":1,"featured_media":0,"parent":0,"menu_order":0,"comment_status":"closed","ping_status":"closed","template":"","meta":{"footnotes":""},"yst_prominent_words":[],"class_list":["post-1582","page","type-page","status-publish","hentry","description-off"],"_links":{"self":[{"href":"https:\/\/hotel-novalis-quimperle.com\/de\/wp-json\/wp\/v2\/pages\/1582","targetHints":{"allow":["GET"]}}],"collection":[{"href":"https:\/\/hotel-novalis-quimperle.com\/de\/wp-json\/wp\/v2\/pages"}],"about":[{"href":"https:\/\/hotel-novalis-quimperle.com\/de\/wp-json\/wp\/v2\/types\/page"}],"author":[{"embeddable":true,"href":"https:\/\/hotel-novalis-quimperle.com\/de\/wp-json\/wp\/v2\/users\/1"}],"replies":[{"embeddable":true,"href":"https:\/\/hotel-novalis-quimperle.com\/de\/wp-json\/wp\/v2\/comments?post=1582"}],"version-history":[{"count":6,"href":"https:\/\/hotel-novalis-quimperle.com\/de\/wp-json\/wp\/v2\/pages\/1582\/revisions"}],"predecessor-version":[{"id":1748,"href":"https:\/\/hotel-novalis-quimperle.com\/de\/wp-json\/wp\/v2\/pages\/1582\/revisions\/1748"}],"wp:attachment":[{"href":"https:\/\/hotel-novalis-quimperle.com\/de\/wp-json\/wp\/v2\/media?parent=1582"}],"wp:term":[{"taxonomy":"yst_prominent_words","embeddable":true,"href":"https:\/\/hotel-novalis-quimperle.com\/de\/wp-json\/wp\/v2\/yst_prominent_words?post=1582"}],"curies":[{"name":"wp","href":"https:\/\/api.w.org\/{rel}","templated":true}]}}