{"id":1464,"date":"2019-04-23T15:24:55","date_gmt":"2019-04-23T13:24:55","guid":{"rendered":"https:\/\/hotel-novalis-quimperle.com\/?page_id=1464"},"modified":"2023-06-29T13:19:28","modified_gmt":"2023-06-29T11:19:28","slug":"home-page","status":"publish","type":"page","link":"https:\/\/hotel-novalis-quimperle.com\/en\/","title":{"rendered":"Home Page"},"content":{"rendered":"<div class=\"wpb-content-wrapper\"><p>[vc_row][vc_column width=&#8221;1\/4&#8243;][\/vc_column][vc_column width=&#8221;1\/2&#8243;][vc_custom_heading text=&#8221;Ideal stopover between the Morbihan and the Finist\u00e8re, the Novalis hotel welcomes you to Quimperl\u00e9&#8221; font_container=&#8221;tag:h3|text_align:center&#8221; use_theme_fonts=&#8221;yes&#8221;][vc_column_text]<\/p>\n<p style=\"text-align: justify;\">With its <span style=\"color: #af6447;\"><strong>ideal location between Lorient and Quimper<\/strong><\/span>, Hotel Novalis is a small family hotel with 38 superior rooms, ideal for a business or leisure stopover. Easily accessible from the N165 and close to the Quimperl\u00e9-Mellac exit, the hotel has a large free of charge car park, a large garden, a <span style=\"color: #af6447;\"><strong>restaurant open every day of the week<\/strong><\/span> for lunch and dinner. The buffet breakfast is served every morning. WIFI Internet connection is free and the hotel has excellent \u20184G\u2019 coverage for all operators. For visitors to the region, discover the <span style=\"color: #af6447;\"><strong>historic city centre of Quimperl\u00e9<\/strong><\/span>, a few minutes from the hotel, and all the riches of the Breton heritage. The Hotel Novalis is particularly well located to explore and visit the South Finist\u00e8re and the surroundings of Lorient.<\/p>\n<p>[\/vc_column_text][\/vc_column][vc_column width=&#8221;1\/4&#8243;][\/vc_column][\/vc_row][vc_row full_width=&#8221;stretch_row_content&#8221; css=&#8221;.vc_custom_1557147221985{background-image: url(https:\/\/hotel-novalis-quimperle.com\/wp-content\/uploads\/2019\/01\/quimperle-hotel.jpg?id=844) !important;background-position: center !important;background-repeat: no-repeat !important;background-size: cover !important;}&#8221;][vc_column]<div class=\"ult-spacer spacer-69ef62f3de908\" data-id=\"69ef62f3de908\" data-height=\"50\" data-height-mobile=\"50\" data-height-tab=\"50\" data-height-tab-portrait=\"\" data-height-mobile-landscape=\"\" style=\"clear:both;display:block;\"><\/div><div id=\"mpc_connected_icons-1969ef62f3de94a\" class=\"mpc-connected-icons mpc-init mpc-transition \"  data-ci-cols=\"4\" data-target=\"icon\" data-layout=\"horizontal\"><div class=\"mpc-connected-icons__line\"><span><\/span><\/div><div data-id=\"mpc_icon_column-5369ef62f3dea49\" class=\"mpc-icon-column mpc-init mpc-parent-hover mpc-transition mpc-icon-column--style_1 mpc-align--center \" ><div data-id=\"mpc_icon-2969ef62f3dea96\" class=\"mpc-icon mpc-init mpc-transition mpc-effect-none mpc-icon-hover \"><div class=\"mpc-icon-wrap\"><i class=\"mpc-icon-part mpc-regular mpc-transition  lnr lnr-sync\"><\/i><i class=\"mpc-icon-part mpc-hover mpc-transition  lnr lnr-sync\"><\/i><\/div><\/div><div class=\"mpc-icon-column__content-wrap\"><div class=\"mpc-icon-column__content\"><h3 class=\"mpc-icon-column__heading mpc-typography--mpc_preset_20 mpc-transition\">OPEN ALL YEAR ROUND<\/h3><div class=\"mpc-icon-column__description mpc-typography--mpc_preset_1 mpc-transition\"><p>Hotel Novalis welcomes you to Quimperl\u00e9 every day of the year for your business or leisure stays<\/p>\n<\/div><\/div><\/div><\/div><div data-id=\"mpc_icon_column-2869ef62f3deb47\" class=\"mpc-icon-column mpc-init mpc-parent-hover mpc-transition mpc-icon-column--style_1 mpc-align--center \" ><div data-id=\"mpc_icon-1469ef62f3deb6a\" class=\"mpc-icon mpc-init mpc-transition mpc-effect-none mpc-icon-hover \"><div class=\"mpc-icon-wrap\"><i class=\"mpc-icon-part mpc-regular mpc-transition  etl etl-key\"><\/i><i class=\"mpc-icon-part mpc-hover mpc-transition  etl etl-key\"><\/i><\/div><\/div><div class=\"mpc-icon-column__content-wrap\"><div class=\"mpc-icon-column__content\"><h3 class=\"mpc-icon-column__heading mpc-typography--mpc_preset_20 mpc-transition\">38 BEDROOMS<\/h3><div class=\"mpc-icon-column__description mpc-typography--mpc_preset_1 mpc-transition\"><p>Spacious double rooms, in a quiet environment and communicating for families as well as accessible to the handicapped<\/p>\n<\/div><\/div><\/div><\/div><div data-id=\"mpc_icon_column-8569ef62f3debec\" class=\"mpc-icon-column mpc-init mpc-parent-hover mpc-transition mpc-icon-column--style_1 mpc-align--center \" ><div data-id=\"mpc_icon-6669ef62f3dec09\" class=\"mpc-icon mpc-init mpc-transition mpc-effect-none mpc-icon-hover \"><div class=\"mpc-icon-wrap\"><i class=\"mpc-icon-part mpc-regular mpc-transition  ti ti-rss-alt\"><\/i><i class=\"mpc-icon-part mpc-hover mpc-transition  ti ti-rss-alt\"><\/i><\/div><\/div><div class=\"mpc-icon-column__content-wrap\"><div class=\"mpc-icon-column__content\"><h3 class=\"mpc-icon-column__heading mpc-typography--mpc_preset_20 mpc-transition\">FREE WIFI &amp; 4G<\/h3><div class=\"mpc-icon-column__description mpc-typography--mpc_preset_1 mpc-transition\"><p>WIFI network throughout the hotel free of charge and excellent \u20184G\u2019 coverage regardless of which operator<\/p>\n<\/div><\/div><\/div><\/div><div data-id=\"mpc_icon_column-2969ef62f3deca5\" class=\"mpc-icon-column mpc-init mpc-parent-hover mpc-transition mpc-icon-column--style_1 mpc-align--center \" ><div data-id=\"mpc_icon-3069ef62f3decc4\" class=\"mpc-icon mpc-init mpc-transition mpc-effect-none mpc-icon-hover \"><div class=\"mpc-icon-wrap\"><i class=\"mpc-icon-part mpc-regular mpc-transition  lnr lnr-users\"><\/i><i class=\"mpc-icon-part mpc-hover mpc-transition  lnr lnr-users\"><\/i><\/div><\/div><div class=\"mpc-icon-column__content-wrap\"><div class=\"mpc-icon-column__content\"><h3 class=\"mpc-icon-column__heading mpc-typography--mpc_preset_20 mpc-transition\">SEMINARS &amp; EVENTS<\/h3><div class=\"mpc-icon-column__description mpc-typography--mpc_preset_1 mpc-transition\"><p>The large day lit meeting room with a view of the hotel garden can accommodate up to 100 people<\/p>\n<\/div><\/div><\/div><\/div><\/div><div class=\"ult-spacer spacer-69ef62f3ded1f\" data-id=\"69ef62f3ded1f\" data-height=\"50\" data-height-mobile=\"50\" data-height-tab=\"50\" data-height-tab-portrait=\"\" data-height-mobile-landscape=\"\" style=\"clear:both;display:block;\"><\/div>[vc_single_image image=&#8221;776&#8243; img_size=&#8221;&#8221; alignment=&#8221;center&#8221;][\/vc_column][\/vc_row][vc_row][vc_column width=&#8221;1\/3&#8243;][vc_single_image image=&#8221;810&#8243; img_size=&#8221;&#8221; alignment=&#8221;center&#8221; style=&#8221;vc_box_rounded&#8221;][vc_custom_heading text=&#8221;Discovery of South Finist\u00e8re&#8221; font_container=&#8221;tag:h3|text_align:center&#8221; use_theme_fonts=&#8221;yes&#8221;][vc_column_text]<\/p>\n<p style=\"text-align: justify;\">Visit Pont-Aven, the city of the artists, the Carno\u00ebt National forest, or the banks of the Laita and Ell\u00e9 rivers by kayaking or hiking. The surroundings are full of hiking and coastal paths, especially the GR34. The visit of the small nearby ports is attractive where you can enjoy the oysters from the local oyster farms.<\/p>\n<p>[\/vc_column_text][\/vc_column][vc_column width=&#8221;1\/3&#8243;][vc_single_image image=&#8221;797&#8243; img_size=&#8221;&#8221; alignment=&#8221;center&#8221; style=&#8221;vc_box_rounded&#8221;][vc_custom_heading text=&#8221;Breton festivities&#8221; font_container=&#8221;tag:h3|text_align:center&#8221; use_theme_fonts=&#8221;yes&#8221;][vc_column_text]<\/p>\n<p style=\"text-align: justify;\">Near by, the famous Inter Celtic Festival of Lorient takes place every year in August and brings together about ten international Celtic groups with a rich program of concerts and dance shows. Also on the program, bagpipe competitions and the final of the Bagado\u00f9 championship. Not to be missed!<\/p>\n<p>[\/vc_column_text][\/vc_column][vc_column width=&#8221;1\/3&#8243;][vc_single_image image=&#8221;803&#8243; img_size=&#8221;&#8221; alignment=&#8221;center&#8221; style=&#8221;vc_box_rounded&#8221;][vc_custom_heading text=&#8221;Exceptional natural heritage&#8221; font_container=&#8221;tag:h3|text_align:center&#8221; use_theme_fonts=&#8221;yes&#8221;][vc_column_text]<\/p>\n<p style=\"text-align: justify;\">Take advantage of your holidays in Brittany and your stay in Quimperl\u00e9 to discover the most beautiful maritime and natural sites of the Finist\u00e8re and Morbihan. Among the not-to be missed: the Guidel and Le Pouldu beaches, the Gl\u00e9nan Islands, Groix Island&#8230; with its fine sand and its crystal clear water&#8230;<\/p>\n<p>[\/vc_column_text][\/vc_column][\/vc_row][vc_row][vc_column][vc_custom_heading text=&#8221;Getting here&#8221; font_container=&#8221;tag:h2|text_align:center&#8221; use_theme_fonts=&#8221;yes&#8221;]<div class=\"ult-spacer spacer-69ef62f3ded35\" data-id=\"69ef62f3ded35\" data-height=\"30\" data-height-mobile=\"30\" data-height-tab=\"30\" data-height-tab-portrait=\"\" data-height-mobile-landscape=\"\" style=\"clear:both;display:block;\"><\/div>[\/vc_column][\/vc_row][vc_row full_width=&#8221;stretch_row_content&#8221;][vc_column]<div class=\"sbvcgmap-map-wrapper\" style=\"width:100%;height:500px\"><div class=\"sbvcgmap-map\" zoom=\"10\" maptype=\"ROADMAP\" panoramatogglebutton=\"no\" pancontrol=\"yes\" pancontrol_position=\"TOP_LEFT\" zoomcontrol=\"yes\" zoomcontrol_position=\"TOP_LEFT\" zoomcontrolstyle=\"DEFAULT\" maptypecontrol=\"yes\" maptypecontrol_position=\"TOP_RIGHT\" streetviewcontrol=\"no\" streetviewcontrol_position=\"TOP_LEFT\" overviewmapcontrol=\"yes\" overviewmapcontrolvisible=\"no\" maptypecontrolstyle=\"DEFAULT\" mapstyle=\"style-1\" weather=\"no\" traffic=\"no\" transit=\"no\" bicycle=\"no\" panoramio=\"no\" draggable=\"yes\" scrollwheel=\"yes\" cplatitude=\"47.868038\" cplongitude=\"-3.573909\" scalecontrol=\"yes\" searchtype=\"disabled\" searchradius=\"500\" searchiconanimation=\"NONE\" searchdirectiontext=\"\" reloadonresize=\"no\" clustering=\"no\" style=\"width:100%;height:500px\"><div class=\"sbvcgmap-marker\" data-lat=\"47.868038\" data-lng=\"-3.573909\" infowindow=\"no\" icon=\"https:\/\/hotel-novalis-quimperle.com\/wp-content\/uploads\/2019\/03\/Pin-Novalis.png\" animation=\"NONE\" customstyles=\"no\" ><\/p>\n<p style=\"text-align: center;\"><strong>H\u00f4tel Novalis<\/strong><br \/>\n10 all\u00e9e Victor Schoelcher &#8211; 29300 Quimperl\u00e9<br \/>\nT\u00e9l. +33 (2) 98 39 24 00<\/p>\n<p><\/div><\/div><\/div>[\/vc_column][\/vc_row][vc_row][vc_column]<div class=\"ult-spacer spacer-69ef62f3df254\" data-id=\"69ef62f3df254\" data-height=\"40\" data-height-mobile=\"40\" data-height-tab=\"40\" data-height-tab-portrait=\"\" data-height-mobile-landscape=\"\" style=\"clear:both;display:block;\"><\/div>[vc_custom_heading text=&#8221;Novalis Quimperl\u00e9 Hotel<br \/>\n10 all\u00e9e Victor Schoelcher &#8211; 29300 Quimperl\u00e9<br \/>\nPhone +33 (2) 98 39 39 24 00&#8243; font_container=&#8221;tag:h3|text_align:center&#8221; use_theme_fonts=&#8221;yes&#8221;][\/vc_column][\/vc_row][vc_row][vc_column width=&#8221;1\/3&#8243;][\/vc_column][vc_column width=&#8221;1\/3&#8243;]<div class=\"ult-spacer spacer-69ef62f3df270\" data-id=\"69ef62f3df270\" data-height=\"30\" data-height-mobile=\"30\" data-height-tab=\"30\" data-height-tab-portrait=\"\" data-height-mobile-landscape=\"\" style=\"clear:both;display:block;\"><\/div><div class=\" ubtn-ctn-center \"><a class=\"ubtn-link ult-adjust-bottom-margin ubtn-center ubtn-custom \" href=\"https:\/\/hotel-novalis-quimperle.com\/en\/accomodation\/\" ><button type=\"button\" id=\"ubtn-7319\"  class=\"ubtn ult-adjust-bottom-margin ult-responsive ubtn-custom ubtn-no-hover-bg  none  ubtn-center   tooltip-69ef62f3df295\"  data-hover=\"#ffffff\" data-border-color=\"#af6447\" data-bg=\"\" data-hover-bg=\"rgba(175,100,70,0.9)\" data-border-hover=\"\" data-shadow-hover=\"\" data-shadow-click=\"none\" data-shadow=\"\" data-shd-shadow=\"\"  data-ultimate-target='#ubtn-7319'  data-responsive-json-new='{\"font-size\":\"desktop:18px;\",\"line-height\":\"\"}'  style=\"font-weight:normal;width:300px;min-height:70px;padding:px px;border-radius:3px;border-width:1px;border-color:#af6447;border-style:solid;color: #af6447;\"><span class=\"ubtn-hover\" style=\"background-color:rgba(175,100,70,0.9)\"><\/span><span class=\"ubtn-data ubtn-text \" >Discover our rooms<\/span><\/button><\/a><\/div><div class=\"ult-spacer spacer-69ef62f3df2fd\" data-id=\"69ef62f3df2fd\" data-height=\"30\" data-height-mobile=\"30\" data-height-tab=\"30\" data-height-tab-portrait=\"\" data-height-mobile-landscape=\"\" style=\"clear:both;display:block;\"><\/div>[\/vc_column][vc_column width=&#8221;1\/3&#8243;][\/vc_column][\/vc_row][vc_row][vc_column]<div id=\"modal-trg-txt-wrap-9682\" class=\"ult-modal-input-wrapper ult-adjust-bottom-margin    \" data-keypress-control=\"keypress-control-enable\" data-overlay-control=\"overlay-control-enable\"><div data-class-id=\"content-69ef62f3df3443-38004258\" class=\"ult-onload overlay-show \" data-overlay-class=\"overlay-fade\" data-onload-delay=\"2\"><\/div><\/div>\n<div class=\"ult-overlay content-69ef62f3df3443-38004258 \" data-class=\"content-69ef62f3df3443-38004258\" id=\"button-click-overlay\" style=\"background:rgba(51,51,51,0); display:none;\">\n\t<div class=\"ult_modal ult-fade ult-small\">\n\t<div class=\"ult-overlay-close popup-top-right\" style=\"width:20px;height:20px; background-color: #ffffff;border-radius: 50%;padding:10px;box-sizing: content-box; \"><div class=\"ult-overlay-close-inside\">Close<\/div><\/div>\n\t\t<div id=\"ult-modal-wrap-2865\" class=\"ult_modal-content ult-hide\" style=\"border-style:solid;border-width:0px;border-radius:10px;border-color:#333333;\">\n\t\t\t<div  data-ultimate-target='#ult-modal-wrap-2865 .ult_modal-body'  data-responsive-json-new='{\"font-size\":\"\",\"line-height\":\"\"}'  class=\"ult_modal-body ult-responsive ult-youtube\" style=\"background:#ffffff;\">\n\t\t\t<\/p>\n<h5 style=\"font-weight: 400; text-align: center;\">Our restaurant will be closed from 11 to 27\/08\/2023 inclusive<br \/>\nThe hotel remains open during this period.<br \/>\nThere is a selection of open restaurants in the area<\/h5>\n<p>\n\t\t\t<\/div>\n\t<\/div>\n\t<\/div>\n<\/div>[\/vc_column][\/vc_row]<\/p>\n<\/div>","protected":false},"excerpt":{"rendered":"<p>[vc_row][vc_column width=&#8221;1\/4&#8243;][\/vc_column][vc_column width=&#8221;1\/2&#8243;][vc_custom_heading text=&#8221;Ideal stopover between the Morbihan and the Finist\u00e8re, the Novalis hotel welcomes you to Quimperl\u00e9&#8221; font_container=&#8221;tag:h3|text_align:center&#8221; use_theme_fonts=&#8221;yes&#8221;][vc_column_text] With its ideal location between Lorient and Quimper, Hotel Novalis is a small family hotel with 38 superior rooms, ideal for a business or leisure stopover. Easily accessible from the N165 and close to the<\/p>\n","protected":false},"author":1,"featured_media":0,"parent":0,"menu_order":0,"comment_status":"closed","ping_status":"closed","template":"","meta":{"footnotes":""},"yst_prominent_words":[79,140],"class_list":["post-1464","page","type-page","status-publish","hentry","description-off"],"_links":{"self":[{"href":"https:\/\/hotel-novalis-quimperle.com\/en\/wp-json\/wp\/v2\/pages\/1464","targetHints":{"allow":["GET"]}}],"collection":[{"href":"https:\/\/hotel-novalis-quimperle.com\/en\/wp-json\/wp\/v2\/pages"}],"about":[{"href":"https:\/\/hotel-novalis-quimperle.com\/en\/wp-json\/wp\/v2\/types\/page"}],"author":[{"embeddable":true,"href":"https:\/\/hotel-novalis-quimperle.com\/en\/wp-json\/wp\/v2\/users\/1"}],"replies":[{"embeddable":true,"href":"https:\/\/hotel-novalis-quimperle.com\/en\/wp-json\/wp\/v2\/comments?post=1464"}],"version-history":[{"count":8,"href":"https:\/\/hotel-novalis-quimperle.com\/en\/wp-json\/wp\/v2\/pages\/1464\/revisions"}],"predecessor-version":[{"id":2793,"href":"https:\/\/hotel-novalis-quimperle.com\/en\/wp-json\/wp\/v2\/pages\/1464\/revisions\/2793"}],"wp:attachment":[{"href":"https:\/\/hotel-novalis-quimperle.com\/en\/wp-json\/wp\/v2\/media?parent=1464"}],"wp:term":[{"taxonomy":"yst_prominent_words","embeddable":true,"href":"https:\/\/hotel-novalis-quimperle.com\/en\/wp-json\/wp\/v2\/yst_prominent_words?post=1464"}],"curies":[{"name":"wp","href":"https:\/\/api.w.org\/{rel}","templated":true}]}}