{"id":1471,"date":"2019-04-24T14:14:11","date_gmt":"2019-04-24T12:14:11","guid":{"rendered":"https:\/\/hotel-novalis-quimperle.com\/?page_id=1471"},"modified":"2023-06-29T13:22:50","modified_gmt":"2023-06-29T11:22:50","slug":"home-page","status":"publish","type":"page","link":"https:\/\/hotel-novalis-quimperle.com\/nl\/","title":{"rendered":"Home Page"},"content":{"rendered":"<div class=\"wpb-content-wrapper\"><p>[vc_row][vc_column width=&#8221;1\/4&#8243;][\/vc_column][vc_column width=&#8221;1\/2&#8243;][vc_custom_heading text=&#8221;Ideale tussenstop tussen Morbihan en Finist\u00e8re, het Novalis hotel heet u welkom in Quimperl\u00e9&#8230;&#8221; font_container=&#8221;tag:h3|text_align:center&#8221; use_theme_fonts=&#8221;yes&#8221;][vc_column_text]<\/p>\n<p style=\"text-align: justify;\">Met zijn ideale ligging tussen <span style=\"color: #af6447;\"><strong>Lorient en Quimper<\/strong><\/span> is Hotel Novalis een klein familiehotel met 38 superieure kamers, ideaal voor een zakelijke of toeristische tussenstop. Gemakkelijk bereikbaar vanaf de N165 en dicht bij de afrit Quimperl\u00e9-Mellac. Het hotel beschikt over een grote gratis parkeerplaats, een grote tuin, een <span style=\"color: #af6447;\"><strong>restaurant<\/strong><\/span> dat elke dag van de week open is voor lunch en diner. Het ontbijtbuffet wordt elke ochtend geserveerd. WIFI internetverbinding is gratis en het hotel heeft een uitstekende 4G dekking voor alle exploitanten. Voor bezoekers van de regio, ontdek het <span style=\"color: #af6447;\"><strong>historische centrum van Quimperl\u00e9<\/strong><\/span>, een paar minuten van het hotel, en alle rijkdommen van het Bretonse erfgoed. Hotel Novalis is bijzonder goed gelegen om Zuid-Finist\u00e8re en de omgeving van Lorient te verkennen en te bezoeken.<\/p>\n<p>[\/vc_column_text][\/vc_column][vc_column width=&#8221;1\/4&#8243;][\/vc_column][\/vc_row][vc_row full_width=&#8221;stretch_row_content&#8221; css=&#8221;.vc_custom_1557147185482{background-image: url(https:\/\/hotel-novalis-quimperle.com\/wp-content\/uploads\/2019\/01\/quimperle-hotel.jpg?id=843) !important;background-position: center !important;background-repeat: no-repeat !important;background-size: cover !important;}&#8221;][vc_column]<div class=\"ult-spacer spacer-69d831c36ee40\" data-id=\"69d831c36ee40\" data-height=\"50\" data-height-mobile=\"50\" data-height-tab=\"50\" data-height-tab-portrait=\"\" data-height-mobile-landscape=\"\" style=\"clear:both;display:block;\"><\/div><div id=\"mpc_connected_icons-2269d831c36ee6d\" class=\"mpc-connected-icons mpc-init mpc-transition \"  data-ci-cols=\"4\" data-target=\"icon\" data-layout=\"horizontal\"><div class=\"mpc-connected-icons__line\"><span><\/span><\/div><div data-id=\"mpc_icon_column-6369d831c36ef10\" class=\"mpc-icon-column mpc-init mpc-parent-hover mpc-transition mpc-icon-column--style_1 mpc-align--center \" ><div data-id=\"mpc_icon-4969d831c36ef43\" class=\"mpc-icon mpc-init mpc-transition mpc-effect-none mpc-icon-hover \"><div class=\"mpc-icon-wrap\"><i class=\"mpc-icon-part mpc-regular mpc-transition  lnr lnr-sync\"><\/i><i class=\"mpc-icon-part mpc-hover mpc-transition  lnr lnr-sync\"><\/i><\/div><\/div><div class=\"mpc-icon-column__content-wrap\"><div class=\"mpc-icon-column__content\"><h3 class=\"mpc-icon-column__heading mpc-typography--mpc_preset_20 mpc-transition\">HET HELE JAAR GEOPEND<\/h3><div class=\"mpc-icon-column__description mpc-typography--mpc_preset_1 mpc-transition\"><p>Hotel Novalis verwelkomt u elke dag van het jaar in Quimperl\u00e9 voor uw zaken- of vrijetijdsverblijven<\/p>\n<\/div><\/div><\/div><\/div><div data-id=\"mpc_icon_column-4969d831c36efcd\" class=\"mpc-icon-column mpc-init mpc-parent-hover mpc-transition mpc-icon-column--style_1 mpc-align--center \" ><div data-id=\"mpc_icon-3269d831c36efe7\" class=\"mpc-icon mpc-init mpc-transition mpc-effect-none mpc-icon-hover \"><div class=\"mpc-icon-wrap\"><i class=\"mpc-icon-part mpc-regular mpc-transition  etl etl-key\"><\/i><i class=\"mpc-icon-part mpc-hover mpc-transition  etl etl-key\"><\/i><\/div><\/div><div class=\"mpc-icon-column__content-wrap\"><div class=\"mpc-icon-column__content\"><h3 class=\"mpc-icon-column__heading mpc-typography--mpc_preset_20 mpc-transition\">38 SLAAPKAMERS<\/h3><div class=\"mpc-icon-column__description mpc-typography--mpc_preset_1 mpc-transition\"><p>Ruime tweepersoonskamers, in een rustige omgeving, communicerend voor gezinnen en toegankelijk voor gehandicapte<\/p>\n<\/div><\/div><\/div><\/div><div data-id=\"mpc_icon_column-369d831c36f03b\" class=\"mpc-icon-column mpc-init mpc-parent-hover mpc-transition mpc-icon-column--style_1 mpc-align--center \" ><div data-id=\"mpc_icon-6369d831c36f04d\" class=\"mpc-icon mpc-init mpc-transition mpc-effect-none mpc-icon-hover \"><div class=\"mpc-icon-wrap\"><i class=\"mpc-icon-part mpc-regular mpc-transition  ti ti-rss-alt\"><\/i><i class=\"mpc-icon-part mpc-hover mpc-transition  ti ti-rss-alt\"><\/i><\/div><\/div><div class=\"mpc-icon-column__content-wrap\"><div class=\"mpc-icon-column__content\"><h3 class=\"mpc-icon-column__heading mpc-typography--mpc_preset_20 mpc-transition\">GRATIS WIFI &amp; 4G<\/h3><div class=\"mpc-icon-column__description mpc-typography--mpc_preset_1 mpc-transition\"><p>Gratis WIFI-netwerk in het hele hotel en uitstekende 4G-dekking, ongeacht de exploitant<\/p>\n<\/div><\/div><\/div><\/div><div data-id=\"mpc_icon_column-8269d831c36f09f\" class=\"mpc-icon-column mpc-init mpc-parent-hover mpc-transition mpc-icon-column--style_1 mpc-align--center \" ><div data-id=\"mpc_icon-9369d831c36f0b0\" class=\"mpc-icon mpc-init mpc-transition mpc-effect-none mpc-icon-hover \"><div class=\"mpc-icon-wrap\"><i class=\"mpc-icon-part mpc-regular mpc-transition  lnr lnr-users\"><\/i><i class=\"mpc-icon-part mpc-hover mpc-transition  lnr lnr-users\"><\/i><\/div><\/div><div class=\"mpc-icon-column__content-wrap\"><div class=\"mpc-icon-column__content\"><h3 class=\"mpc-icon-column__heading mpc-typography--mpc_preset_20 mpc-transition\">SEMINARS &amp; EVENEMENTEN<\/h3><div class=\"mpc-icon-column__description mpc-typography--mpc_preset_1 mpc-transition\"><p>De grote vergaderzaal met daglicht en uitzicht op de hoteltuin biedt plaats aan maximaal 100 personen<\/p>\n<\/div><\/div><\/div><\/div><\/div><div class=\"ult-spacer spacer-69d831c36f0e4\" data-id=\"69d831c36f0e4\" data-height=\"50\" data-height-mobile=\"50\" data-height-tab=\"50\" data-height-tab-portrait=\"\" data-height-mobile-landscape=\"\" style=\"clear:both;display:block;\"><\/div>[vc_single_image image=&#8221;776&#8243; img_size=&#8221;&#8221; alignment=&#8221;center&#8221;][\/vc_column][\/vc_row][vc_row][vc_column width=&#8221;1\/3&#8243;][vc_single_image image=&#8221;810&#8243; img_size=&#8221;&#8221; alignment=&#8221;center&#8221; style=&#8221;vc_box_rounded&#8221;][vc_custom_heading text=&#8221;Ontdekking van Zuid-Finist\u00e8re&#8221; font_container=&#8221;tag:h3|text_align:center&#8221; use_theme_fonts=&#8221;yes&#8221;][vc_column_text]<\/p>\n<p style=\"text-align: justify;\">Bezoek de stad van de schilders van Pont-Aven, het staatsbos van Carno\u00ebt, of de oevers van de rivieren Laita en Ell\u00e9 door te kajakken of te wandelen. De omgeving is vol met wandel- en kustpaden, met name de GR34. Het bezoek aan de kleine haventjes in de omgeving is aantrekkelijk en u kunt de oesters van de lokale oesterkwekers proeven.<\/p>\n<p>[\/vc_column_text][\/vc_column][vc_column width=&#8221;1\/3&#8243;][vc_single_image image=&#8221;797&#8243; img_size=&#8221;&#8221; alignment=&#8221;center&#8221; style=&#8221;vc_box_rounded&#8221;][vc_custom_heading text=&#8221;Bretonse festiviteiten&#8221; font_container=&#8221;tag:h3|text_align:center&#8221; use_theme_fonts=&#8221;yes&#8221;][vc_column_text]<\/p>\n<p style=\"text-align: justify;\">Heel dichtbij, het beroemde Interkeltische Festival van Lorient, dat elk jaar in augustus een tiental internationale Keltische groepen samenbrengt met een rijk programma van concerten en dansshows. Ook op het programma van wedstrijden rond de doedelzak en de finale van het Bagado\u00f9 kampioenschap. Niet te missen!<\/p>\n<p>[\/vc_column_text][\/vc_column][vc_column width=&#8221;1\/3&#8243;][vc_single_image image=&#8221;803&#8243; img_size=&#8221;&#8221; alignment=&#8221;center&#8221; style=&#8221;vc_box_rounded&#8221;][vc_custom_heading text=&#8221;Uitzonderlijk natuurlijk erfgoed&#8221; font_container=&#8221;tag:h3|text_align:center&#8221; use_theme_fonts=&#8221;yes&#8221;][vc_column_text]<\/p>\n<p style=\"text-align: justify;\">Profiteer van uw vakantie in Bretagne en uw verblijf in Quimperl\u00e9 om de mooiste maritieme en natuurlijke plaatsen van Finist\u00e8re en Morbihan te ontdekken. Niet te missen: de stranden van Guidel en Le Pouldu, de Gl\u00e9nan-eilanden, het eiland Groix&#8230; en het fijne zand, het kristalheldere water&#8230;<\/p>\n<p>[\/vc_column_text][\/vc_column][\/vc_row][vc_row][vc_column][vc_custom_heading text=&#8221;Om hier te komen&#8221; font_container=&#8221;tag:h2|text_align:center&#8221; use_theme_fonts=&#8221;yes&#8221;]<div class=\"ult-spacer spacer-69d831c36f0f2\" data-id=\"69d831c36f0f2\" data-height=\"30\" data-height-mobile=\"30\" data-height-tab=\"30\" data-height-tab-portrait=\"\" data-height-mobile-landscape=\"\" style=\"clear:both;display:block;\"><\/div>[\/vc_column][\/vc_row][vc_row full_width=&#8221;stretch_row_content&#8221;][vc_column]<div class=\"sbvcgmap-map-wrapper\" style=\"width:100%;height:500px\"><div class=\"sbvcgmap-map\" zoom=\"10\" maptype=\"ROADMAP\" panoramatogglebutton=\"no\" pancontrol=\"yes\" pancontrol_position=\"TOP_LEFT\" zoomcontrol=\"yes\" zoomcontrol_position=\"TOP_LEFT\" zoomcontrolstyle=\"DEFAULT\" maptypecontrol=\"yes\" maptypecontrol_position=\"TOP_RIGHT\" streetviewcontrol=\"no\" streetviewcontrol_position=\"TOP_LEFT\" overviewmapcontrol=\"yes\" overviewmapcontrolvisible=\"no\" maptypecontrolstyle=\"DEFAULT\" mapstyle=\"style-1\" weather=\"no\" traffic=\"no\" transit=\"no\" bicycle=\"no\" panoramio=\"no\" draggable=\"yes\" scrollwheel=\"yes\" cplatitude=\"47.868038\" cplongitude=\"-3.573909\" scalecontrol=\"yes\" searchtype=\"disabled\" searchradius=\"500\" searchiconanimation=\"NONE\" searchdirectiontext=\"\" reloadonresize=\"no\" clustering=\"no\" style=\"width:100%;height:500px\"><div class=\"sbvcgmap-marker\" data-lat=\"47.868038\" data-lng=\"-3.573909\" infowindow=\"no\" icon=\"https:\/\/hotel-novalis-quimperle.com\/wp-content\/uploads\/2019\/03\/Pin-Novalis.png\" animation=\"NONE\" customstyles=\"no\" ><\/p>\n<p style=\"text-align: center;\"><strong>H\u00f4tel Novalis<\/strong><br \/>\n10 all\u00e9e Victor Schoelcher &#8211; 29300 Quimperl\u00e9<br \/>\nT\u00e9l. +33 (2) 98 39 24 00<\/p>\n<p><\/div><\/div><\/div>[\/vc_column][\/vc_row][vc_row][vc_column]<div class=\"ult-spacer spacer-69d831c36f4ec\" data-id=\"69d831c36f4ec\" data-height=\"40\" data-height-mobile=\"40\" data-height-tab=\"40\" data-height-tab-portrait=\"\" data-height-mobile-landscape=\"\" style=\"clear:both;display:block;\"><\/div>[vc_custom_heading text=&#8221;Hotel Novalis Quimperl\u00e9<br \/>\n10 all\u00e9e Victor Schoelcher &#8211; 29300 Quimperl\u00e9<br \/>\nTelefoon +33 (2) 98 39 24 00&#8243; font_container=&#8221;tag:h3|text_align:center&#8221; use_theme_fonts=&#8221;yes&#8221;][\/vc_column][\/vc_row][vc_row][vc_column width=&#8221;1\/3&#8243;][\/vc_column][vc_column width=&#8221;1\/3&#8243;]<div class=\"ult-spacer spacer-69d831c36f4fc\" data-id=\"69d831c36f4fc\" data-height=\"30\" data-height-mobile=\"30\" data-height-tab=\"30\" data-height-tab-portrait=\"\" data-height-mobile-landscape=\"\" style=\"clear:both;display:block;\"><\/div><div class=\" ubtn-ctn-center \"><a class=\"ubtn-link ult-adjust-bottom-margin ubtn-center ubtn-custom \" href=\"https:\/\/hotel-novalis-quimperle.com\/nl\/accomodatie\/\" ><button type=\"button\" id=\"ubtn-3030\"  class=\"ubtn ult-adjust-bottom-margin ult-responsive ubtn-custom ubtn-no-hover-bg  none  ubtn-center   tooltip-69d831c36f515\"  data-hover=\"#ffffff\" data-border-color=\"#af6447\" data-bg=\"\" data-hover-bg=\"rgba(175,100,70,0.9)\" data-border-hover=\"\" data-shadow-hover=\"\" data-shadow-click=\"none\" data-shadow=\"\" data-shd-shadow=\"\"  data-ultimate-target='#ubtn-3030'  data-responsive-json-new='{\"font-size\":\"desktop:18px;\",\"line-height\":\"\"}'  style=\"font-weight:normal;width:300px;min-height:70px;padding:px px;border-radius:3px;border-width:1px;border-color:#af6447;border-style:solid;color: #af6447;\"><span class=\"ubtn-hover\" style=\"background-color:rgba(175,100,70,0.9)\"><\/span><span class=\"ubtn-data ubtn-text \" >Ontdek onze accommodaties<\/span><\/button><\/a><\/div><div class=\"ult-spacer spacer-69d831c36f576\" data-id=\"69d831c36f576\" data-height=\"30\" data-height-mobile=\"30\" data-height-tab=\"30\" data-height-tab-portrait=\"\" data-height-mobile-landscape=\"\" style=\"clear:both;display:block;\"><\/div>[\/vc_column][vc_column width=&#8221;1\/3&#8243;][\/vc_column][\/vc_row][vc_row][vc_column]<div id=\"modal-trg-txt-wrap-2689\" class=\"ult-modal-input-wrapper ult-adjust-bottom-margin    \" data-keypress-control=\"keypress-control-enable\" data-overlay-control=\"overlay-control-enable\"><div data-class-id=\"content-69d831c36f5a46-07830124\" class=\"ult-onload overlay-show \" data-overlay-class=\"overlay-fade\" data-onload-delay=\"2\"><\/div><\/div>\n<div class=\"ult-overlay content-69d831c36f5a46-07830124 \" data-class=\"content-69d831c36f5a46-07830124\" id=\"button-click-overlay\" style=\"background:rgba(51,51,51,0); display:none;\">\n\t<div class=\"ult_modal ult-fade ult-small\">\n\t<div class=\"ult-overlay-close popup-top-right\" style=\"width:20px;height:20px; background-color: #ffffff;border-radius: 50%;padding:10px;box-sizing: content-box; \"><div class=\"ult-overlay-close-inside\">Close<\/div><\/div>\n\t\t<div id=\"ult-modal-wrap-9609\" class=\"ult_modal-content ult-hide\" style=\"border-style:solid;border-width:0px;border-radius:10px;border-color:#333333;\">\n\t\t\t<div  data-ultimate-target='#ult-modal-wrap-9609 .ult_modal-body'  data-responsive-json-new='{\"font-size\":\"\",\"line-height\":\"\"}'  class=\"ult_modal-body ult-responsive ult-youtube\" style=\"background:#ffffff;\">\n\t\t\t<\/p>\n<h5 style=\"font-weight: 400; text-align: center;\">Ons restaurant zal gesloten zijn van 11 tot en met 27\/08\/2023<br \/>\nHet hotel blijft gedurende deze periode geopend.<br \/>\nEr is een selectie van open restaurants in de omgeving<\/h5>\n<p>\n\t\t\t<\/div>\n\t<\/div>\n\t<\/div>\n<\/div>[\/vc_column][\/vc_row]<\/p>\n<\/div>","protected":false},"excerpt":{"rendered":"<p>[vc_row][vc_column width=&#8221;1\/4&#8243;][\/vc_column][vc_column width=&#8221;1\/2&#8243;][vc_custom_heading text=&#8221;Ideale tussenstop tussen Morbihan en Finist\u00e8re, het Novalis hotel heet u welkom in Quimperl\u00e9&#8230;&#8221; font_container=&#8221;tag:h3|text_align:center&#8221; use_theme_fonts=&#8221;yes&#8221;][vc_column_text] Met zijn ideale ligging tussen Lorient en Quimper is Hotel Novalis een klein familiehotel met 38 superieure kamers, ideaal voor een zakelijke of toeristische tussenstop. Gemakkelijk bereikbaar vanaf de N165 en dicht bij de afrit Quimperl\u00e9-Mellac.<\/p>\n","protected":false},"author":1,"featured_media":0,"parent":0,"menu_order":0,"comment_status":"closed","ping_status":"closed","template":"","meta":{"footnotes":""},"yst_prominent_words":[79,140,40],"class_list":["post-1471","page","type-page","status-publish","hentry","description-off"],"_links":{"self":[{"href":"https:\/\/hotel-novalis-quimperle.com\/nl\/wp-json\/wp\/v2\/pages\/1471","targetHints":{"allow":["GET"]}}],"collection":[{"href":"https:\/\/hotel-novalis-quimperle.com\/nl\/wp-json\/wp\/v2\/pages"}],"about":[{"href":"https:\/\/hotel-novalis-quimperle.com\/nl\/wp-json\/wp\/v2\/types\/page"}],"author":[{"embeddable":true,"href":"https:\/\/hotel-novalis-quimperle.com\/nl\/wp-json\/wp\/v2\/users\/1"}],"replies":[{"embeddable":true,"href":"https:\/\/hotel-novalis-quimperle.com\/nl\/wp-json\/wp\/v2\/comments?post=1471"}],"version-history":[{"count":8,"href":"https:\/\/hotel-novalis-quimperle.com\/nl\/wp-json\/wp\/v2\/pages\/1471\/revisions"}],"predecessor-version":[{"id":2796,"href":"https:\/\/hotel-novalis-quimperle.com\/nl\/wp-json\/wp\/v2\/pages\/1471\/revisions\/2796"}],"wp:attachment":[{"href":"https:\/\/hotel-novalis-quimperle.com\/nl\/wp-json\/wp\/v2\/media?parent=1471"}],"wp:term":[{"taxonomy":"yst_prominent_words","embeddable":true,"href":"https:\/\/hotel-novalis-quimperle.com\/nl\/wp-json\/wp\/v2\/yst_prominent_words?post=1471"}],"curies":[{"name":"wp","href":"https:\/\/api.w.org\/{rel}","templated":true}]}}